{"id":1030,"date":"2018-12-19T17:36:48","date_gmt":"2018-12-19T17:36:48","guid":{"rendered":"https:\/\/istriavacation.com\/?page_id=1030"},"modified":"2023-12-02T10:07:51","modified_gmt":"2023-12-02T10:07:51","slug":"attraktionen","status":"publish","type":"page","link":"https:\/\/istriavacation.com\/de\/attraktionen\/","title":{"rendered":"Attraktionen"},"content":{"rendered":"\t\t<div data-elementor-type=\"wp-post\" data-elementor-id=\"1030\" class=\"elementor elementor-1030 elementor-515\" data-elementor-post-type=\"page\">\n\t\t\t\t\t\t<section class=\"elementor-section elementor-top-section elementor-element elementor-element-4d5f4cc elementor-section-boxed elementor-section-height-default elementor-section-height-default\" data-id=\"4d5f4cc\" data-element_type=\"section\">\n\t\t\t\t\t\t<div class=\"elementor-container elementor-column-gap-default\">\n\t\t\t\t\t<div class=\"elementor-column elementor-col-50 elementor-top-column elementor-element elementor-element-cd9cf1a\" data-id=\"cd9cf1a\" data-element_type=\"column\">\n\t\t\t<div class=\"elementor-widget-wrap elementor-element-populated\">\n\t\t\t\t\t\t<div class=\"elementor-element elementor-element-5f06a7d elementor-widget elementor-widget-image\" data-id=\"5f06a7d\" data-element_type=\"widget\" data-widget_type=\"image.default\">\n\t\t\t\t<div class=\"elementor-widget-container\">\n\t\t\t\t\t\t\t\t\t\t\t\t\t\t\t<img fetchpriority=\"high\" decoding=\"async\" width=\"555\" height=\"450\" src=\"https:\/\/istriavacation.com\/wp-content\/uploads\/2019\/08\/pula.jpeg\" class=\"attachment-full size-full wp-image-1041\" alt=\"\" srcset=\"https:\/\/istriavacation.com\/wp-content\/uploads\/2019\/08\/pula.jpeg 555w, https:\/\/istriavacation.com\/wp-content\/uploads\/2019\/08\/pula-300x243.jpeg 300w\" sizes=\"(max-width: 555px) 100vw, 555px\" \/>\t\t\t\t\t\t\t\t\t\t\t\t\t\t\t<\/div>\n\t\t\t\t<\/div>\n\t\t\t\t\t<\/div>\n\t\t<\/div>\n\t\t\t\t<div class=\"elementor-column elementor-col-50 elementor-top-column elementor-element elementor-element-4e0842b\" data-id=\"4e0842b\" data-element_type=\"column\">\n\t\t\t<div class=\"elementor-widget-wrap elementor-element-populated\">\n\t\t\t\t\t\t<div class=\"elementor-element elementor-element-713d75e elementor-widget elementor-widget-text-editor\" data-id=\"713d75e\" data-element_type=\"widget\" data-widget_type=\"text-editor.default\">\n\t\t\t\t<div class=\"elementor-widget-container\">\n\t\t\t\t\t\t\t\t\t<h5>Amphitheater in Pula<\/h5>\n<div class=\"elementor-element elementor-element-0596f9b elementor-widget elementor-widget-text-editor\" data-id=\"0596f9b\" data-element_type=\"text-editor.default\">\n<div class=\"elementor-widget-container\">\n<div class=\"elementor-text-editor elementor-clearfix\">\n<p>Das ist eine der beeindruckendsten Attraktionen Istriens \u2013 das eindrucksvolle antike r\u00f6mische Amphitheater, auch bekannt als Arena von Pula. Am Stadthafen gelegen, beherbergte es fr\u00fcher Gladiatorenwettbewerbe. Heute wird es f\u00fcr Konzerte und das ber\u00fchmte Filmfestival von Pula genutzt.<\/p>\n<\/div>\n<\/div>\n<\/div>\n\t\t\t\t\t\t\t\t<\/div>\n\t\t\t\t<\/div>\n\t\t\t\t<div class=\"elementor-element elementor-element-7ec3740 elementor-widget elementor-widget-button\" data-id=\"7ec3740\" data-element_type=\"widget\" data-widget_type=\"button.default\">\n\t\t\t\t<div class=\"elementor-widget-container\">\n\t\t\t\t\t\t\t\t\t<div class=\"elementor-button-wrapper\">\n\t\t\t\t\t<a class=\"elementor-button elementor-button-link elementor-size-sm\" href=\"https:\/\/www.istra.hr\/de\/erlebnisse\/kultur\/roemisches-erbe\/article-arena\">\n\t\t\t\t\t\t<span class=\"elementor-button-content-wrapper\">\n\t\t\t\t\t\t\t\t\t<span class=\"elementor-button-text\">MEHR LESEN<\/span>\n\t\t\t\t\t<\/span>\n\t\t\t\t\t<\/a>\n\t\t\t\t<\/div>\n\t\t\t\t\t\t\t\t<\/div>\n\t\t\t\t<\/div>\n\t\t\t\t\t<\/div>\n\t\t<\/div>\n\t\t\t\t\t<\/div>\n\t\t<\/section>\n\t\t\t\t<section class=\"elementor-section elementor-top-section elementor-element elementor-element-76d7b1b elementor-section-boxed elementor-section-height-default elementor-section-height-default\" data-id=\"76d7b1b\" data-element_type=\"section\">\n\t\t\t\t\t\t<div class=\"elementor-container elementor-column-gap-default\">\n\t\t\t\t\t<div class=\"elementor-column elementor-col-50 elementor-top-column elementor-element elementor-element-82bc640\" data-id=\"82bc640\" data-element_type=\"column\">\n\t\t\t<div class=\"elementor-widget-wrap elementor-element-populated\">\n\t\t\t\t\t\t<div class=\"elementor-element elementor-element-2d28883 elementor-widget elementor-widget-image\" data-id=\"2d28883\" data-element_type=\"widget\" data-widget_type=\"image.default\">\n\t\t\t\t<div class=\"elementor-widget-container\">\n\t\t\t\t\t\t\t\t\t\t\t\t\t\t\t<img decoding=\"async\" width=\"555\" height=\"450\" src=\"https:\/\/istriavacation.com\/wp-content\/uploads\/2019\/08\/plaze.jpeg\" class=\"attachment-full size-full wp-image-1040\" alt=\"\" srcset=\"https:\/\/istriavacation.com\/wp-content\/uploads\/2019\/08\/plaze.jpeg 555w, https:\/\/istriavacation.com\/wp-content\/uploads\/2019\/08\/plaze-300x243.jpeg 300w\" sizes=\"(max-width: 555px) 100vw, 555px\" \/>\t\t\t\t\t\t\t\t\t\t\t\t\t\t\t<\/div>\n\t\t\t\t<\/div>\n\t\t\t\t\t<\/div>\n\t\t<\/div>\n\t\t\t\t<div class=\"elementor-column elementor-col-50 elementor-top-column elementor-element elementor-element-aeb2adb\" data-id=\"aeb2adb\" data-element_type=\"column\">\n\t\t\t<div class=\"elementor-widget-wrap elementor-element-populated\">\n\t\t\t\t\t\t<div class=\"elementor-element elementor-element-ab7f71d elementor-widget elementor-widget-text-editor\" data-id=\"ab7f71d\" data-element_type=\"widget\" data-widget_type=\"text-editor.default\">\n\t\t\t\t<div class=\"elementor-widget-container\">\n\t\t\t\t\t\t\t\t\t<h5>Str\u00e4nde in Vrsar<\/h5>\n<div class=\"elementor-element elementor-element-0596f9b elementor-widget elementor-widget-text-editor\" data-id=\"0596f9b\" data-element_type=\"text-editor.default\">\n<div class=\"elementor-widget-container\">\n<div class=\"elementor-text-editor elementor-clearfix\">\n<p>Rund um Vrsar gibt es mehrere sch\u00f6ne Str\u00e4nde zum Genie\u00dfen der Sonne und des Meeres. Vom kleinen Kieselstein bis zum felsigen Strand findet man hier alles. Die meisten davon haben eine blaue Flagge und sind gut ausgestattet.<\/p>\n<\/div>\n<\/div>\n<\/div>\n\t\t\t\t\t\t\t\t<\/div>\n\t\t\t\t<\/div>\n\t\t\t\t<div class=\"elementor-element elementor-element-5c2a8fb elementor-widget elementor-widget-button\" data-id=\"5c2a8fb\" data-element_type=\"widget\" data-widget_type=\"button.default\">\n\t\t\t\t<div class=\"elementor-widget-container\">\n\t\t\t\t\t\t\t\t\t<div class=\"elementor-button-wrapper\">\n\t\t\t\t\t<a class=\"elementor-button elementor-button-link elementor-size-sm\" href=\"https:\/\/infovrsar.com\/de\/sehen-erleben\/strande-pools\/\">\n\t\t\t\t\t\t<span class=\"elementor-button-content-wrapper\">\n\t\t\t\t\t\t\t\t\t<span class=\"elementor-button-text\">MEHR LESEN<\/span>\n\t\t\t\t\t<\/span>\n\t\t\t\t\t<\/a>\n\t\t\t\t<\/div>\n\t\t\t\t\t\t\t\t<\/div>\n\t\t\t\t<\/div>\n\t\t\t\t\t<\/div>\n\t\t<\/div>\n\t\t\t\t\t<\/div>\n\t\t<\/section>\n\t\t\t\t<section class=\"elementor-section elementor-top-section elementor-element elementor-element-cbdd799 elementor-section-boxed elementor-section-height-default elementor-section-height-default\" data-id=\"cbdd799\" data-element_type=\"section\">\n\t\t\t\t\t\t<div class=\"elementor-container elementor-column-gap-default\">\n\t\t\t\t\t<div class=\"elementor-column elementor-col-50 elementor-top-column elementor-element elementor-element-0a679c2\" data-id=\"0a679c2\" data-element_type=\"column\">\n\t\t\t<div class=\"elementor-widget-wrap elementor-element-populated\">\n\t\t\t\t\t\t<div class=\"elementor-element elementor-element-f69252e elementor-widget elementor-widget-image\" data-id=\"f69252e\" data-element_type=\"widget\" data-widget_type=\"image.default\">\n\t\t\t\t<div class=\"elementor-widget-container\">\n\t\t\t\t\t\t\t\t\t\t\t\t\t\t\t<img decoding=\"async\" width=\"555\" height=\"451\" src=\"https:\/\/istriavacation.com\/wp-content\/uploads\/2019\/08\/cave-756_1280.jpg\" class=\"attachment-full size-full wp-image-1036\" alt=\"\" srcset=\"https:\/\/istriavacation.com\/wp-content\/uploads\/2019\/08\/cave-756_1280.jpg 555w, https:\/\/istriavacation.com\/wp-content\/uploads\/2019\/08\/cave-756_1280-300x244.jpg 300w\" sizes=\"(max-width: 555px) 100vw, 555px\" \/>\t\t\t\t\t\t\t\t\t\t\t\t\t\t\t<\/div>\n\t\t\t\t<\/div>\n\t\t\t\t\t<\/div>\n\t\t<\/div>\n\t\t\t\t<div class=\"elementor-column elementor-col-50 elementor-top-column elementor-element elementor-element-d9f9744\" data-id=\"d9f9744\" data-element_type=\"column\">\n\t\t\t<div class=\"elementor-widget-wrap elementor-element-populated\">\n\t\t\t\t\t\t<div class=\"elementor-element elementor-element-30fce32 elementor-widget elementor-widget-text-editor\" data-id=\"30fce32\" data-element_type=\"widget\" data-widget_type=\"text-editor.default\">\n\t\t\t\t<div class=\"elementor-widget-container\">\n\t\t\t\t\t\t\t\t\t<h5>Naturerbe<\/h5>\n<div class=\"elementor-element elementor-element-0596f9b elementor-widget elementor-widget-text-editor\" data-id=\"0596f9b\" data-element_type=\"text-editor.default\">\n<div class=\"elementor-widget-container\">\n<div class=\"elementor-text-editor elementor-clearfix\">\n<p>Istrien ist perfekt zum Entspannen dank der unber\u00fchrten Natur und der erhaltenen nat\u00fcrlichen Sch\u00f6nheit. Hier finden Sie gr\u00fcne H\u00fcgel, Nationalparks, botanische G\u00e4rten, geologische St\u00e4tten, H\u00f6hlen und Kavernen und andere attraktive nat\u00fcrliche Orte.<\/p>\n<\/div>\n<\/div>\n<\/div>\n\t\t\t\t\t\t\t\t<\/div>\n\t\t\t\t<\/div>\n\t\t\t\t<div class=\"elementor-element elementor-element-ae261a6 elementor-widget elementor-widget-button\" data-id=\"ae261a6\" data-element_type=\"widget\" data-widget_type=\"button.default\">\n\t\t\t\t<div class=\"elementor-widget-container\">\n\t\t\t\t\t\t\t\t\t<div class=\"elementor-button-wrapper\">\n\t\t\t\t\t<a class=\"elementor-button elementor-button-link elementor-size-sm\" href=\"https:\/\/www.istra.hr\/de\/erlebnisse\/kultur\">\n\t\t\t\t\t\t<span class=\"elementor-button-content-wrapper\">\n\t\t\t\t\t\t\t\t\t<span class=\"elementor-button-text\">MEHR LESEN<\/span>\n\t\t\t\t\t<\/span>\n\t\t\t\t\t<\/a>\n\t\t\t\t<\/div>\n\t\t\t\t\t\t\t\t<\/div>\n\t\t\t\t<\/div>\n\t\t\t\t\t<\/div>\n\t\t<\/div>\n\t\t\t\t\t<\/div>\n\t\t<\/section>\n\t\t\t\t<section class=\"elementor-section elementor-top-section elementor-element elementor-element-b046ae8 elementor-section-boxed elementor-section-height-default elementor-section-height-default\" data-id=\"b046ae8\" data-element_type=\"section\">\n\t\t\t\t\t\t<div class=\"elementor-container elementor-column-gap-default\">\n\t\t\t\t\t<div class=\"elementor-column elementor-col-50 elementor-top-column elementor-element elementor-element-f682856\" data-id=\"f682856\" data-element_type=\"column\">\n\t\t\t<div class=\"elementor-widget-wrap elementor-element-populated\">\n\t\t\t\t\t\t<div class=\"elementor-element elementor-element-09a77ea elementor-widget elementor-widget-image\" data-id=\"09a77ea\" data-element_type=\"widget\" data-widget_type=\"image.default\">\n\t\t\t\t<div class=\"elementor-widget-container\">\n\t\t\t\t\t\t\t\t\t\t\t\t\t\t\t<img loading=\"lazy\" decoding=\"async\" width=\"555\" height=\"450\" src=\"https:\/\/istriavacation.com\/wp-content\/uploads\/2019\/08\/aeropark-aircraft.jpg\" class=\"attachment-full size-full wp-image-1033\" alt=\"\" srcset=\"https:\/\/istriavacation.com\/wp-content\/uploads\/2019\/08\/aeropark-aircraft.jpg 555w, https:\/\/istriavacation.com\/wp-content\/uploads\/2019\/08\/aeropark-aircraft-300x243.jpg 300w\" sizes=\"(max-width: 555px) 100vw, 555px\" \/>\t\t\t\t\t\t\t\t\t\t\t\t\t\t\t<\/div>\n\t\t\t\t<\/div>\n\t\t\t\t\t<\/div>\n\t\t<\/div>\n\t\t\t\t<div class=\"elementor-column elementor-col-50 elementor-top-column elementor-element elementor-element-3fd0788\" data-id=\"3fd0788\" data-element_type=\"column\">\n\t\t\t<div class=\"elementor-widget-wrap elementor-element-populated\">\n\t\t\t\t\t\t<div class=\"elementor-element elementor-element-630041d elementor-widget elementor-widget-text-editor\" data-id=\"630041d\" data-element_type=\"widget\" data-widget_type=\"text-editor.default\">\n\t\t\t\t<div class=\"elementor-widget-container\">\n\t\t\t\t\t\t\t\t\t<h5>Aeropark Vrsar<\/h5>\n<div class=\"elementor-element elementor-element-0596f9b elementor-widget elementor-widget-text-editor\" data-id=\"0596f9b\" data-element_type=\"text-editor.default\">\n<div class=\"elementor-widget-container\">\n<div class=\"elementor-text-editor elementor-clearfix\">\n<p>Bei Vrsar gibt es einen Sportflughafen, der von gr\u00fcnen Feldern entlang der K\u00fcste umgeben ist. Abgesehen von den Himmelsabenteuern kann man auf dem Land verschiedene Aktivit\u00e4ten genie\u00dfen. Setzen Sie sich ins Cockpit, besuchen Sie die Ausstellung und entdecken Sie die Welt der Flugzeuge!<\/p>\n<\/div>\n<\/div>\n<\/div>\n\t\t\t\t\t\t\t\t<\/div>\n\t\t\t\t<\/div>\n\t\t\t\t<div class=\"elementor-element elementor-element-da52f0b elementor-widget elementor-widget-button\" data-id=\"da52f0b\" data-element_type=\"widget\" data-widget_type=\"button.default\">\n\t\t\t\t<div class=\"elementor-widget-container\">\n\t\t\t\t\t\t\t\t\t<div class=\"elementor-button-wrapper\">\n\t\t\t\t\t<a class=\"elementor-button elementor-button-link elementor-size-sm\" href=\"https:\/\/www.tripadvisor.com\/Attraction_Review-g608712-d4795561-Reviews-Aeropark_Vrsar_Tours-Vrsar_Istria.html\">\n\t\t\t\t\t\t<span class=\"elementor-button-content-wrapper\">\n\t\t\t\t\t\t\t\t\t<span class=\"elementor-button-text\">MEHR LESEN<\/span>\n\t\t\t\t\t<\/span>\n\t\t\t\t\t<\/a>\n\t\t\t\t<\/div>\n\t\t\t\t\t\t\t\t<\/div>\n\t\t\t\t<\/div>\n\t\t\t\t\t<\/div>\n\t\t<\/div>\n\t\t\t\t\t<\/div>\n\t\t<\/section>\n\t\t\t\t<section class=\"elementor-section elementor-top-section elementor-element elementor-element-090cb6e elementor-section-boxed elementor-section-height-default elementor-section-height-default\" data-id=\"090cb6e\" data-element_type=\"section\">\n\t\t\t\t\t\t<div class=\"elementor-container elementor-column-gap-default\">\n\t\t\t\t\t<div class=\"elementor-column elementor-col-50 elementor-top-column elementor-element elementor-element-467a36d\" data-id=\"467a36d\" data-element_type=\"column\">\n\t\t\t<div class=\"elementor-widget-wrap elementor-element-populated\">\n\t\t\t\t\t\t<div class=\"elementor-element elementor-element-545d12e elementor-widget elementor-widget-image\" data-id=\"545d12e\" data-element_type=\"widget\" data-widget_type=\"image.default\">\n\t\t\t\t<div class=\"elementor-widget-container\">\n\t\t\t\t\t\t\t\t\t\t\t\t\t\t\t<img loading=\"lazy\" decoding=\"async\" width=\"555\" height=\"451\" src=\"https:\/\/istriavacation.com\/wp-content\/uploads\/2019\/08\/sculptures-colly.jpg\" class=\"attachment-full size-full wp-image-1042\" alt=\"\" srcset=\"https:\/\/istriavacation.com\/wp-content\/uploads\/2019\/08\/sculptures-colly.jpg 555w, https:\/\/istriavacation.com\/wp-content\/uploads\/2019\/08\/sculptures-colly-300x244.jpg 300w\" sizes=\"(max-width: 555px) 100vw, 555px\" \/>\t\t\t\t\t\t\t\t\t\t\t\t\t\t\t<\/div>\n\t\t\t\t<\/div>\n\t\t\t\t\t<\/div>\n\t\t<\/div>\n\t\t\t\t<div class=\"elementor-column elementor-col-50 elementor-top-column elementor-element elementor-element-fd05793\" data-id=\"fd05793\" data-element_type=\"column\">\n\t\t\t<div class=\"elementor-widget-wrap elementor-element-populated\">\n\t\t\t\t\t\t<div class=\"elementor-element elementor-element-2d002c7 elementor-widget elementor-widget-text-editor\" data-id=\"2d002c7\" data-element_type=\"widget\" data-widget_type=\"text-editor.default\">\n\t\t\t\t<div class=\"elementor-widget-container\">\n\t\t\t\t\t\t\t\t\t<h5>Skulpturenpark<\/h5>\n<div class=\"elementor-element elementor-element-0596f9b elementor-widget elementor-widget-text-editor\" data-id=\"0596f9b\" data-element_type=\"text-editor.default\">\n<div class=\"elementor-widget-container\">\n<div class=\"elementor-text-editor elementor-clearfix\">\n<p>Der Skulpturenpark Du\u0161an D\u017eamonja ist eine der meistbesuchten Attraktionen der Region. Der ber\u00fchmte K\u00fcnstler hat die istrischen Wiesen zu seinem Atelier, seiner Werkstatt und seinem Skulpturenpark gemacht. Die Fl\u00e4che erstreckt sich auf 10 Hektar, auf den H\u00fcgeln mit Blick auf das Meer.<\/p>\n<\/div>\n<\/div>\n<\/div>\n\t\t\t\t\t\t\t\t<\/div>\n\t\t\t\t<\/div>\n\t\t\t\t<div class=\"elementor-element elementor-element-4df6773 elementor-widget elementor-widget-button\" data-id=\"4df6773\" data-element_type=\"widget\" data-widget_type=\"button.default\">\n\t\t\t\t<div class=\"elementor-widget-container\">\n\t\t\t\t\t\t\t\t\t<div class=\"elementor-button-wrapper\">\n\t\t\t\t\t<a class=\"elementor-button elementor-button-link elementor-size-sm\" href=\"https:\/\/infovrsar.com\/de\/sehen-erleben\/geschichte-kultur\/zeitgenossische-kunst\/der-skulpturenpark-von-dusan-dzamonja\/\">\n\t\t\t\t\t\t<span class=\"elementor-button-content-wrapper\">\n\t\t\t\t\t\t\t\t\t<span class=\"elementor-button-text\">MEHR LESEN<\/span>\n\t\t\t\t\t<\/span>\n\t\t\t\t\t<\/a>\n\t\t\t\t<\/div>\n\t\t\t\t\t\t\t\t<\/div>\n\t\t\t\t<\/div>\n\t\t\t\t\t<\/div>\n\t\t<\/div>\n\t\t\t\t\t<\/div>\n\t\t<\/section>\n\t\t\t\t<section class=\"elementor-section elementor-top-section elementor-element elementor-element-6e9b924 elementor-section-boxed elementor-section-height-default elementor-section-height-default\" data-id=\"6e9b924\" data-element_type=\"section\">\n\t\t\t\t\t\t<div class=\"elementor-container elementor-column-gap-default\">\n\t\t\t\t\t<div class=\"elementor-column elementor-col-50 elementor-top-column elementor-element elementor-element-2e3b6ca\" data-id=\"2e3b6ca\" data-element_type=\"column\">\n\t\t\t<div class=\"elementor-widget-wrap elementor-element-populated\">\n\t\t\t\t\t\t<div class=\"elementor-element elementor-element-e55547f elementor-widget elementor-widget-image\" data-id=\"e55547f\" data-element_type=\"widget\" data-widget_type=\"image.default\">\n\t\t\t\t<div class=\"elementor-widget-container\">\n\t\t\t\t\t\t\t\t\t\t\t\t\t\t\t<img loading=\"lazy\" decoding=\"async\" width=\"555\" height=\"450\" src=\"https:\/\/istriavacation.com\/wp-content\/uploads\/2019\/08\/archipelago-rovinj-.jpeg\" class=\"attachment-full size-full wp-image-1034\" alt=\"\" srcset=\"https:\/\/istriavacation.com\/wp-content\/uploads\/2019\/08\/archipelago-rovinj-.jpeg 555w, https:\/\/istriavacation.com\/wp-content\/uploads\/2019\/08\/archipelago-rovinj--300x243.jpeg 300w\" sizes=\"(max-width: 555px) 100vw, 555px\" \/>\t\t\t\t\t\t\t\t\t\t\t\t\t\t\t<\/div>\n\t\t\t\t<\/div>\n\t\t\t\t\t<\/div>\n\t\t<\/div>\n\t\t\t\t<div class=\"elementor-column elementor-col-50 elementor-top-column elementor-element elementor-element-2e7a3ad\" data-id=\"2e7a3ad\" data-element_type=\"column\">\n\t\t\t<div class=\"elementor-widget-wrap elementor-element-populated\">\n\t\t\t\t\t\t<div class=\"elementor-element elementor-element-497e554 elementor-widget elementor-widget-text-editor\" data-id=\"497e554\" data-element_type=\"widget\" data-widget_type=\"text-editor.default\">\n\t\t\t\t<div class=\"elementor-widget-container\">\n\t\t\t\t\t\t\t\t\t<h5>Archipel aus 18 Inselchen<\/h5>\n<div class=\"elementor-element elementor-element-0596f9b elementor-widget elementor-widget-text-editor\" data-id=\"0596f9b\" data-element_type=\"text-editor.default\">\n<div class=\"elementor-widget-container\">\n<div class=\"elementor-text-editor elementor-clearfix\">\n<p>Die Meereslandschaft von Vrsar ist durch Inselchen gepr\u00e4gt. Die Aussicht auf den Archipel ist ein Genuss f\u00fcr jeden Reisenden, der seine Augen auf eine nat\u00fcrliche Sch\u00f6nheit richtet. Unter diesen Inselchen finden Sie viele versteckte Buchten und H\u00f6hlen.<\/p>\n<\/div>\n<\/div>\n<\/div>\n\t\t\t\t\t\t\t\t<\/div>\n\t\t\t\t<\/div>\n\t\t\t\t<div class=\"elementor-element elementor-element-44a064a elementor-widget elementor-widget-button\" data-id=\"44a064a\" data-element_type=\"widget\" data-widget_type=\"button.default\">\n\t\t\t\t<div class=\"elementor-widget-container\">\n\t\t\t\t\t\t\t\t\t<div class=\"elementor-button-wrapper\">\n\t\t\t\t\t<a class=\"elementor-button elementor-button-link elementor-size-sm\" href=\"https:\/\/infovrsar.com\/de\/sehen-erleben\/natur\/\">\n\t\t\t\t\t\t<span class=\"elementor-button-content-wrapper\">\n\t\t\t\t\t\t\t\t\t<span class=\"elementor-button-text\">MEHR LESEN<\/span>\n\t\t\t\t\t<\/span>\n\t\t\t\t\t<\/a>\n\t\t\t\t<\/div>\n\t\t\t\t\t\t\t\t<\/div>\n\t\t\t\t<\/div>\n\t\t\t\t\t<\/div>\n\t\t<\/div>\n\t\t\t\t\t<\/div>\n\t\t<\/section>\n\t\t\t\t<section class=\"elementor-section elementor-top-section elementor-element elementor-element-05789c5 elementor-section-boxed elementor-section-height-default elementor-section-height-default\" data-id=\"05789c5\" data-element_type=\"section\">\n\t\t\t\t\t\t<div class=\"elementor-container elementor-column-gap-default\">\n\t\t\t\t\t<div class=\"elementor-column elementor-col-100 elementor-top-column elementor-element elementor-element-4683b87\" data-id=\"4683b87\" data-element_type=\"column\">\n\t\t\t<div class=\"elementor-widget-wrap\">\n\t\t\t\t\t\t\t<\/div>\n\t\t<\/div>\n\t\t\t\t\t<\/div>\n\t\t<\/section>\n\t\t\t\t<\/div>\n\t\t","protected":false},"excerpt":{"rendered":"<p>Amphitheater in Pula Das ist eine der beeindruckendsten Attraktionen Istriens \u2013 das eindrucksvolle antike r\u00f6mische Amphitheater, auch bekannt als Arena von Pula. Am Stadthafen gelegen, beherbergte es fr\u00fcher Gladiatorenwettbewerbe. Heute wird es f\u00fcr Konzerte und das ber\u00fchmte Filmfestival von Pula genutzt. MEHR LESEN Str\u00e4nde in Vrsar Rund um Vrsar gibt es mehrere sch\u00f6ne Str\u00e4nde zum [&hellip;]<\/p>\n","protected":false},"author":1,"featured_media":0,"parent":0,"menu_order":0,"comment_status":"closed","ping_status":"closed","template":"","meta":{"footnotes":""},"class_list":["post-1030","page","type-page","status-publish","hentry"],"_links":{"self":[{"href":"https:\/\/istriavacation.com\/de\/wp-json\/wp\/v2\/pages\/1030","targetHints":{"allow":["GET"]}}],"collection":[{"href":"https:\/\/istriavacation.com\/de\/wp-json\/wp\/v2\/pages"}],"about":[{"href":"https:\/\/istriavacation.com\/de\/wp-json\/wp\/v2\/types\/page"}],"author":[{"embeddable":true,"href":"https:\/\/istriavacation.com\/de\/wp-json\/wp\/v2\/users\/1"}],"replies":[{"embeddable":true,"href":"https:\/\/istriavacation.com\/de\/wp-json\/wp\/v2\/comments?post=1030"}],"version-history":[{"count":11,"href":"https:\/\/istriavacation.com\/de\/wp-json\/wp\/v2\/pages\/1030\/revisions"}],"predecessor-version":[{"id":2118,"href":"https:\/\/istriavacation.com\/de\/wp-json\/wp\/v2\/pages\/1030\/revisions\/2118"}],"wp:attachment":[{"href":"https:\/\/istriavacation.com\/de\/wp-json\/wp\/v2\/media?parent=1030"}],"curies":[{"name":"wp","href":"https:\/\/api.w.org\/{rel}","templated":true}]}}