{"id":1367,"date":"2019-09-12T19:13:10","date_gmt":"2019-09-12T19:13:10","guid":{"rendered":"https:\/\/istriavacation.com\/aktivitaten\/"},"modified":"2023-12-02T10:30:13","modified_gmt":"2023-12-02T10:30:13","slug":"aktivitaten","status":"publish","type":"page","link":"https:\/\/istriavacation.com\/de\/aktivitaten\/","title":{"rendered":"Aktivit\u00e4ten"},"content":{"rendered":"\t\t<div data-elementor-type=\"wp-post\" data-elementor-id=\"1367\" class=\"elementor elementor-1367 elementor-517\" data-elementor-post-type=\"page\">\n\t\t\t\t\t\t<section class=\"elementor-section elementor-top-section elementor-element elementor-element-b2aa92e elementor-section-boxed elementor-section-height-default elementor-section-height-default\" data-id=\"b2aa92e\" data-element_type=\"section\">\n\t\t\t\t\t\t<div class=\"elementor-container elementor-column-gap-default\">\n\t\t\t\t\t<div class=\"elementor-column elementor-col-50 elementor-top-column elementor-element elementor-element-17b284c\" data-id=\"17b284c\" data-element_type=\"column\">\n\t\t\t<div class=\"elementor-widget-wrap elementor-element-populated\">\n\t\t\t\t\t\t<div class=\"elementor-element elementor-element-1499b30 elementor-widget elementor-widget-image\" data-id=\"1499b30\" data-element_type=\"widget\" data-widget_type=\"image.default\">\n\t\t\t\t<div class=\"elementor-widget-container\">\n\t\t\t\t\t\t\t\t\t\t\t\t\t\t\t<img fetchpriority=\"high\" decoding=\"async\" width=\"555\" height=\"450\" src=\"https:\/\/istriavacation.com\/wp-content\/uploads\/2019\/08\/to-do-gastro-2.jpg\" class=\"attachment-large size-large wp-image-1369\" alt=\"\" srcset=\"https:\/\/istriavacation.com\/wp-content\/uploads\/2019\/08\/to-do-gastro-2.jpg 555w, https:\/\/istriavacation.com\/wp-content\/uploads\/2019\/08\/to-do-gastro-2-300x243.jpg 300w\" sizes=\"(max-width: 555px) 100vw, 555px\" \/>\t\t\t\t\t\t\t\t\t\t\t\t\t\t\t<\/div>\n\t\t\t\t<\/div>\n\t\t\t\t\t<\/div>\n\t\t<\/div>\n\t\t\t\t<div class=\"elementor-column elementor-col-50 elementor-top-column elementor-element elementor-element-a2cb8e8\" data-id=\"a2cb8e8\" data-element_type=\"column\">\n\t\t\t<div class=\"elementor-widget-wrap elementor-element-populated\">\n\t\t\t\t\t\t<div class=\"elementor-element elementor-element-07a3c11 elementor-widget elementor-widget-text-editor\" data-id=\"07a3c11\" data-element_type=\"widget\" data-widget_type=\"text-editor.default\">\n\t\t\t\t<div class=\"elementor-widget-container\">\n\t\t\t\t\t\t\t\t\t<h4>Die istrische Gastronomie genie\u00dfen<\/h4>\n<p>Istrien ist bekannt f\u00fcr die kulinarische Tradition und viele Besucher kommen vor allem wegen der k\u00f6stlichen traditionellen K\u00fcche. In zahlreichen netten Restaurants und urigen Tavernen k\u00f6nnen Sie die besten Meeresfr\u00fcchte, gegrillten Fisch und Fleischspezialit\u00e4ten probieren.<\/p>\n\t\t\t\t\t\t\t\t<\/div>\n\t\t\t\t<\/div>\n\t\t\t\t<div class=\"elementor-element elementor-element-a0acfbd elementor-widget elementor-widget-button\" data-id=\"a0acfbd\" data-element_type=\"widget\" data-widget_type=\"button.default\">\n\t\t\t\t<div class=\"elementor-widget-container\">\n\t\t\t\t\t\t\t\t\t<div class=\"elementor-button-wrapper\">\n\t\t\t\t\t<a class=\"elementor-button elementor-button-link elementor-size-sm\" href=\"https:\/\/infovrsar.com\/de\/essen-trinken\/\">\n\t\t\t\t\t\t<span class=\"elementor-button-content-wrapper\">\n\t\t\t\t\t\t\t\t\t<span class=\"elementor-button-text\">MEHR LESEN<\/span>\n\t\t\t\t\t<\/span>\n\t\t\t\t\t<\/a>\n\t\t\t\t<\/div>\n\t\t\t\t\t\t\t\t<\/div>\n\t\t\t\t<\/div>\n\t\t\t\t\t<\/div>\n\t\t<\/div>\n\t\t\t\t\t<\/div>\n\t\t<\/section>\n\t\t\t\t<section class=\"elementor-section elementor-top-section elementor-element elementor-element-743ef58 elementor-section-boxed elementor-section-height-default elementor-section-height-default\" data-id=\"743ef58\" data-element_type=\"section\">\n\t\t\t\t\t\t<div class=\"elementor-container elementor-column-gap-default\">\n\t\t\t\t\t<div class=\"elementor-column elementor-col-50 elementor-top-column elementor-element elementor-element-7d6132a\" data-id=\"7d6132a\" data-element_type=\"column\">\n\t\t\t<div class=\"elementor-widget-wrap elementor-element-populated\">\n\t\t\t\t\t\t<div class=\"elementor-element elementor-element-51ecf65 elementor-widget elementor-widget-image\" data-id=\"51ecf65\" data-element_type=\"widget\" data-widget_type=\"image.default\">\n\t\t\t\t<div class=\"elementor-widget-container\">\n\t\t\t\t\t\t\t\t\t\t\t\t\t\t\t<img decoding=\"async\" width=\"555\" height=\"450\" src=\"https:\/\/istriavacation.com\/wp-content\/uploads\/2019\/08\/pula.jpeg\" class=\"attachment-large size-large wp-image-1041\" alt=\"\" srcset=\"https:\/\/istriavacation.com\/wp-content\/uploads\/2019\/08\/pula.jpeg 555w, https:\/\/istriavacation.com\/wp-content\/uploads\/2019\/08\/pula-300x243.jpeg 300w\" sizes=\"(max-width: 555px) 100vw, 555px\" \/>\t\t\t\t\t\t\t\t\t\t\t\t\t\t\t<\/div>\n\t\t\t\t<\/div>\n\t\t\t\t\t<\/div>\n\t\t<\/div>\n\t\t\t\t<div class=\"elementor-column elementor-col-50 elementor-top-column elementor-element elementor-element-5de65af\" data-id=\"5de65af\" data-element_type=\"column\">\n\t\t\t<div class=\"elementor-widget-wrap elementor-element-populated\">\n\t\t\t\t\t\t<div class=\"elementor-element elementor-element-29d218c elementor-widget elementor-widget-text-editor\" data-id=\"29d218c\" data-element_type=\"widget\" data-widget_type=\"text-editor.default\">\n\t\t\t\t<div class=\"elementor-widget-container\">\n\t\t\t\t\t\t\t\t\t<h4>Tagesausfl\u00fcge<\/h4>\n<p>Unser Ort ist ein guter Start f\u00fcr viele interessante Tagesausfl\u00fcge. Von hier aus k\u00f6nnen Sie Pula und sein Amphitheater besuchen, oder das istrische Landesinnere und die Stadt Pazin im Zentrum. Die sch\u00f6ne Stadt Pore\u010d ist nicht weit entfernt. Sie k\u00f6nnen auch die unterirdische Welt der Baredine H\u00f6hle besuchen.<\/p>\n\t\t\t\t\t\t\t\t<\/div>\n\t\t\t\t<\/div>\n\t\t\t\t<div class=\"elementor-element elementor-element-80b51df elementor-widget elementor-widget-button\" data-id=\"80b51df\" data-element_type=\"widget\" data-widget_type=\"button.default\">\n\t\t\t\t<div class=\"elementor-widget-container\">\n\t\t\t\t\t\t\t\t\t<div class=\"elementor-button-wrapper\">\n\t\t\t\t\t<a class=\"elementor-button elementor-button-link elementor-size-sm\" href=\"https:\/\/www.istra.hr\/de\/erlebnisse\/grunes-istrien\">\n\t\t\t\t\t\t<span class=\"elementor-button-content-wrapper\">\n\t\t\t\t\t\t\t\t\t<span class=\"elementor-button-text\">MEHR LESEN<\/span>\n\t\t\t\t\t<\/span>\n\t\t\t\t\t<\/a>\n\t\t\t\t<\/div>\n\t\t\t\t\t\t\t\t<\/div>\n\t\t\t\t<\/div>\n\t\t\t\t\t<\/div>\n\t\t<\/div>\n\t\t\t\t\t<\/div>\n\t\t<\/section>\n\t\t\t\t<section class=\"elementor-section elementor-top-section elementor-element elementor-element-38984e6 elementor-section-boxed elementor-section-height-default elementor-section-height-default\" data-id=\"38984e6\" data-element_type=\"section\">\n\t\t\t\t\t\t<div class=\"elementor-container elementor-column-gap-default\">\n\t\t\t\t\t<div class=\"elementor-column elementor-col-50 elementor-top-column elementor-element elementor-element-0e0058a\" data-id=\"0e0058a\" data-element_type=\"column\">\n\t\t\t<div class=\"elementor-widget-wrap elementor-element-populated\">\n\t\t\t\t\t\t<div class=\"elementor-element elementor-element-12cfeb0 elementor-widget elementor-widget-image\" data-id=\"12cfeb0\" data-element_type=\"widget\" data-widget_type=\"image.default\">\n\t\t\t\t<div class=\"elementor-widget-container\">\n\t\t\t\t\t\t\t\t\t\t\t\t\t\t\t<img decoding=\"async\" width=\"555\" height=\"450\" src=\"https:\/\/istriavacation.com\/wp-content\/uploads\/2019\/08\/biking.jpeg\" class=\"attachment-large size-large wp-image-1035\" alt=\"\" srcset=\"https:\/\/istriavacation.com\/wp-content\/uploads\/2019\/08\/biking.jpeg 555w, https:\/\/istriavacation.com\/wp-content\/uploads\/2019\/08\/biking-300x243.jpeg 300w\" sizes=\"(max-width: 555px) 100vw, 555px\" \/>\t\t\t\t\t\t\t\t\t\t\t\t\t\t\t<\/div>\n\t\t\t\t<\/div>\n\t\t\t\t\t<\/div>\n\t\t<\/div>\n\t\t\t\t<div class=\"elementor-column elementor-col-50 elementor-top-column elementor-element elementor-element-240929f\" data-id=\"240929f\" data-element_type=\"column\">\n\t\t\t<div class=\"elementor-widget-wrap elementor-element-populated\">\n\t\t\t\t\t\t<div class=\"elementor-element elementor-element-1a675a2 elementor-widget elementor-widget-text-editor\" data-id=\"1a675a2\" data-element_type=\"widget\" data-widget_type=\"text-editor.default\">\n\t\t\t\t<div class=\"elementor-widget-container\">\n\t\t\t\t\t\t\t\t\t<h4>Radwege<\/h4>\n<p>Istrien ist ein bekanntes Radreiseziel. Wenn Sie gerne Rad fahren, bieten Vrsar und Umgebung einige interessante Routen. Nehmen Sie Ihr Fahrrad, genie\u00dfen Sie das ganze Jahr \u00fcber die Natur, lokale Spezialit\u00e4ten und atemberaubende Ausblicke!<\/p>\n\t\t\t\t\t\t\t\t<\/div>\n\t\t\t\t<\/div>\n\t\t\t\t<div class=\"elementor-element elementor-element-3d1b0af elementor-widget elementor-widget-button\" data-id=\"3d1b0af\" data-element_type=\"widget\" data-widget_type=\"button.default\">\n\t\t\t\t<div class=\"elementor-widget-container\">\n\t\t\t\t\t\t\t\t\t<div class=\"elementor-button-wrapper\">\n\t\t\t\t\t<a class=\"elementor-button elementor-button-link elementor-size-sm\" href=\"https:\/\/infovrsar.com\/de\/sehen-erleben\/sport-erholung\/bike-outdoor\/bike\/radwege\/\">\n\t\t\t\t\t\t<span class=\"elementor-button-content-wrapper\">\n\t\t\t\t\t\t\t\t\t<span class=\"elementor-button-text\">MEHR LESEN<\/span>\n\t\t\t\t\t<\/span>\n\t\t\t\t\t<\/a>\n\t\t\t\t<\/div>\n\t\t\t\t\t\t\t\t<\/div>\n\t\t\t\t<\/div>\n\t\t\t\t\t<\/div>\n\t\t<\/div>\n\t\t\t\t\t<\/div>\n\t\t<\/section>\n\t\t\t\t<section class=\"elementor-section elementor-top-section elementor-element elementor-element-09d585a elementor-section-boxed elementor-section-height-default elementor-section-height-default\" data-id=\"09d585a\" data-element_type=\"section\">\n\t\t\t\t\t\t<div class=\"elementor-container elementor-column-gap-default\">\n\t\t\t\t\t<div class=\"elementor-column elementor-col-50 elementor-top-column elementor-element elementor-element-9f3d290\" data-id=\"9f3d290\" data-element_type=\"column\">\n\t\t\t<div class=\"elementor-widget-wrap elementor-element-populated\">\n\t\t\t\t\t\t<div class=\"elementor-element elementor-element-c4e77d4 elementor-widget elementor-widget-image\" data-id=\"c4e77d4\" data-element_type=\"widget\" data-widget_type=\"image.default\">\n\t\t\t\t<div class=\"elementor-widget-container\">\n\t\t\t\t\t\t\t\t\t\t\t\t\t\t\t<img loading=\"lazy\" decoding=\"async\" width=\"555\" height=\"450\" src=\"https:\/\/istriavacation.com\/wp-content\/uploads\/2019\/08\/hiking.jpeg\" class=\"attachment-large size-large wp-image-1039\" alt=\"\" srcset=\"https:\/\/istriavacation.com\/wp-content\/uploads\/2019\/08\/hiking.jpeg 555w, https:\/\/istriavacation.com\/wp-content\/uploads\/2019\/08\/hiking-300x243.jpeg 300w\" sizes=\"(max-width: 555px) 100vw, 555px\" \/>\t\t\t\t\t\t\t\t\t\t\t\t\t\t\t<\/div>\n\t\t\t\t<\/div>\n\t\t\t\t\t<\/div>\n\t\t<\/div>\n\t\t\t\t<div class=\"elementor-column elementor-col-50 elementor-top-column elementor-element elementor-element-a99caaa\" data-id=\"a99caaa\" data-element_type=\"column\">\n\t\t\t<div class=\"elementor-widget-wrap elementor-element-populated\">\n\t\t\t\t\t\t<div class=\"elementor-element elementor-element-81bb10c elementor-widget elementor-widget-text-editor\" data-id=\"81bb10c\" data-element_type=\"widget\" data-widget_type=\"text-editor.default\">\n\t\t\t\t<div class=\"elementor-widget-container\">\n\t\t\t\t\t\t\t\t\t<h4>Wanderwege<\/h4>\n<p>Egal, ob Sie die Natur erkunden oder das historische Erbe der Region n\u00e4her erkunden m\u00f6chten, Wandern ist stets die beste und ges\u00fcndeste Option. Zahlreiche Touren sind f\u00fcr jedes Alter und jede k\u00f6rperliche Verfassung geeignet.<\/p>\n\t\t\t\t\t\t\t\t<\/div>\n\t\t\t\t<\/div>\n\t\t\t\t<div class=\"elementor-element elementor-element-896fd0c elementor-widget elementor-widget-button\" data-id=\"896fd0c\" data-element_type=\"widget\" data-widget_type=\"button.default\">\n\t\t\t\t<div class=\"elementor-widget-container\">\n\t\t\t\t\t\t\t\t\t<div class=\"elementor-button-wrapper\">\n\t\t\t\t\t<a class=\"elementor-button elementor-button-link elementor-size-sm\" href=\"https:\/\/www.istra.hr\/de\/erlebnisse\/sport-und-outdoor\/trekking\">\n\t\t\t\t\t\t<span class=\"elementor-button-content-wrapper\">\n\t\t\t\t\t\t\t\t\t<span class=\"elementor-button-text\">MEHR LESEN<\/span>\n\t\t\t\t\t<\/span>\n\t\t\t\t\t<\/a>\n\t\t\t\t<\/div>\n\t\t\t\t\t\t\t\t<\/div>\n\t\t\t\t<\/div>\n\t\t\t\t\t<\/div>\n\t\t<\/div>\n\t\t\t\t\t<\/div>\n\t\t<\/section>\n\t\t\t\t<section class=\"elementor-section elementor-top-section elementor-element elementor-element-f58f97b elementor-section-boxed elementor-section-height-default elementor-section-height-default\" data-id=\"f58f97b\" data-element_type=\"section\">\n\t\t\t\t\t\t<div class=\"elementor-container elementor-column-gap-default\">\n\t\t\t\t\t<div class=\"elementor-column elementor-col-50 elementor-top-column elementor-element elementor-element-e1700ab\" data-id=\"e1700ab\" data-element_type=\"column\">\n\t\t\t<div class=\"elementor-widget-wrap elementor-element-populated\">\n\t\t\t\t\t\t<div class=\"elementor-element elementor-element-0b96545 elementor-widget elementor-widget-image\" data-id=\"0b96545\" data-element_type=\"widget\" data-widget_type=\"image.default\">\n\t\t\t\t<div class=\"elementor-widget-container\">\n\t\t\t\t\t\t\t\t\t\t\t\t\t\t\t<img loading=\"lazy\" decoding=\"async\" width=\"555\" height=\"450\" src=\"https:\/\/istriavacation.com\/wp-content\/uploads\/2019\/08\/diving.jpeg\" class=\"attachment-large size-large wp-image-1037\" alt=\"\" srcset=\"https:\/\/istriavacation.com\/wp-content\/uploads\/2019\/08\/diving.jpeg 555w, https:\/\/istriavacation.com\/wp-content\/uploads\/2019\/08\/diving-300x243.jpeg 300w\" sizes=\"(max-width: 555px) 100vw, 555px\" \/>\t\t\t\t\t\t\t\t\t\t\t\t\t\t\t<\/div>\n\t\t\t\t<\/div>\n\t\t\t\t\t<\/div>\n\t\t<\/div>\n\t\t\t\t<div class=\"elementor-column elementor-col-50 elementor-top-column elementor-element elementor-element-8b607dc\" data-id=\"8b607dc\" data-element_type=\"column\">\n\t\t\t<div class=\"elementor-widget-wrap elementor-element-populated\">\n\t\t\t\t\t\t<div class=\"elementor-element elementor-element-42df043 elementor-widget elementor-widget-text-editor\" data-id=\"42df043\" data-element_type=\"widget\" data-widget_type=\"text-editor.default\">\n\t\t\t\t<div class=\"elementor-widget-container\">\n\t\t\t\t\t\t\t\t\t<h4>Tauchabenteuer<\/h4>\n<p>Tauchen Sie in eine v\u00f6llig neue blaue Unterwasserwelt ein und entdecken Sie die Riffe, Krabben, Fische und versunkenen Inseln. Sprechen Sie mit einem der Tauchzentren in der N\u00e4he von Vrsar, die Ihnen bei der Organisation dieses unvergesslichen Erlebnisses helfen werden.<\/p>\n\t\t\t\t\t\t\t\t<\/div>\n\t\t\t\t<\/div>\n\t\t\t\t<div class=\"elementor-element elementor-element-518dd87 elementor-widget elementor-widget-button\" data-id=\"518dd87\" data-element_type=\"widget\" data-widget_type=\"button.default\">\n\t\t\t\t<div class=\"elementor-widget-container\">\n\t\t\t\t\t\t\t\t\t<div class=\"elementor-button-wrapper\">\n\t\t\t\t\t<a class=\"elementor-button elementor-button-link elementor-size-sm\" href=\"https:\/\/infovrsar.com\/de\/sehen-erleben\/sport-erholung\/tauchen\/\">\n\t\t\t\t\t\t<span class=\"elementor-button-content-wrapper\">\n\t\t\t\t\t\t\t\t\t<span class=\"elementor-button-text\">MEHR LESEN<\/span>\n\t\t\t\t\t<\/span>\n\t\t\t\t\t<\/a>\n\t\t\t\t<\/div>\n\t\t\t\t\t\t\t\t<\/div>\n\t\t\t\t<\/div>\n\t\t\t\t\t<\/div>\n\t\t<\/div>\n\t\t\t\t\t<\/div>\n\t\t<\/section>\n\t\t\t\t<section class=\"elementor-section elementor-top-section elementor-element elementor-element-27f9e1f elementor-section-boxed elementor-section-height-default elementor-section-height-default\" data-id=\"27f9e1f\" data-element_type=\"section\">\n\t\t\t\t\t\t<div class=\"elementor-container elementor-column-gap-default\">\n\t\t\t\t\t<div class=\"elementor-column elementor-col-50 elementor-top-column elementor-element elementor-element-7a9511f\" data-id=\"7a9511f\" data-element_type=\"column\">\n\t\t\t<div class=\"elementor-widget-wrap elementor-element-populated\">\n\t\t\t\t\t\t<div class=\"elementor-element elementor-element-4a8d048 elementor-widget elementor-widget-image\" data-id=\"4a8d048\" data-element_type=\"widget\" data-widget_type=\"image.default\">\n\t\t\t\t<div class=\"elementor-widget-container\">\n\t\t\t\t\t\t\t\t\t\t\t\t\t\t\t<img loading=\"lazy\" decoding=\"async\" width=\"555\" height=\"450\" src=\"https:\/\/istriavacation.com\/wp-content\/uploads\/2019\/08\/water-park.jpg\" class=\"attachment-large size-large wp-image-1372\" alt=\"\" srcset=\"https:\/\/istriavacation.com\/wp-content\/uploads\/2019\/08\/water-park.jpg 555w, https:\/\/istriavacation.com\/wp-content\/uploads\/2019\/08\/water-park-300x243.jpg 300w\" sizes=\"(max-width: 555px) 100vw, 555px\" \/>\t\t\t\t\t\t\t\t\t\t\t\t\t\t\t<\/div>\n\t\t\t\t<\/div>\n\t\t\t\t\t<\/div>\n\t\t<\/div>\n\t\t\t\t<div class=\"elementor-column elementor-col-50 elementor-top-column elementor-element elementor-element-d6af762\" data-id=\"d6af762\" data-element_type=\"column\">\n\t\t\t<div class=\"elementor-widget-wrap elementor-element-populated\">\n\t\t\t\t\t\t<div class=\"elementor-element elementor-element-c45b097 elementor-widget elementor-widget-text-editor\" data-id=\"c45b097\" data-element_type=\"widget\" data-widget_type=\"text-editor.default\">\n\t\t\t\t<div class=\"elementor-widget-container\">\n\t\t\t\t\t\t\t\t\t<h4>Wasserparks<\/h4>\n<p>Istrien hat gro\u00dfe Wasserparks f\u00fcr die ganze Familie, die eine tolle Unterhaltung f\u00fcr Kinder und ein ganzt\u00e4giges Aktivurlaubserlebnis bieten. Zu den beliebtesten geh\u00f6ren Aquapark Aquacolors Pore\u010d und Istralandia Aquapark.<\/p>\n\t\t\t\t\t\t\t\t<\/div>\n\t\t\t\t<\/div>\n\t\t\t\t<div class=\"elementor-element elementor-element-5865589 elementor-widget elementor-widget-button\" data-id=\"5865589\" data-element_type=\"widget\" data-widget_type=\"button.default\">\n\t\t\t\t<div class=\"elementor-widget-container\">\n\t\t\t\t\t\t\t\t\t<div class=\"elementor-button-wrapper\">\n\t\t\t\t\t<a class=\"elementor-button elementor-button-link elementor-size-sm\" href=\"https:\/\/www.istra.hr\/de\/erlebnisse\/meer-und-sonne\/wasserparks\">\n\t\t\t\t\t\t<span class=\"elementor-button-content-wrapper\">\n\t\t\t\t\t\t\t\t\t<span class=\"elementor-button-text\">MEHR LESEN<\/span>\n\t\t\t\t\t<\/span>\n\t\t\t\t\t<\/a>\n\t\t\t\t<\/div>\n\t\t\t\t\t\t\t\t<\/div>\n\t\t\t\t<\/div>\n\t\t\t\t\t<\/div>\n\t\t<\/div>\n\t\t\t\t\t<\/div>\n\t\t<\/section>\n\t\t\t\t<section class=\"elementor-section elementor-top-section elementor-element elementor-element-22e80b2 elementor-section-boxed elementor-section-height-default elementor-section-height-default\" data-id=\"22e80b2\" data-element_type=\"section\">\n\t\t\t\t\t\t<div class=\"elementor-container elementor-column-gap-default\">\n\t\t\t\t\t<div class=\"elementor-column elementor-col-50 elementor-top-column elementor-element elementor-element-cd05fe6\" data-id=\"cd05fe6\" data-element_type=\"column\">\n\t\t\t<div class=\"elementor-widget-wrap elementor-element-populated\">\n\t\t\t\t\t\t<div class=\"elementor-element elementor-element-7d6c6e0 elementor-widget elementor-widget-image\" data-id=\"7d6c6e0\" data-element_type=\"widget\" data-widget_type=\"image.default\">\n\t\t\t\t<div class=\"elementor-widget-container\">\n\t\t\t\t\t\t\t\t\t\t\t\t\t\t\t<img loading=\"lazy\" decoding=\"async\" width=\"555\" height=\"450\" src=\"https:\/\/istriavacation.com\/wp-content\/uploads\/2019\/08\/theme-park-dino.jpg\" class=\"attachment-large size-large wp-image-1375\" alt=\"\" srcset=\"https:\/\/istriavacation.com\/wp-content\/uploads\/2019\/08\/theme-park-dino.jpg 555w, https:\/\/istriavacation.com\/wp-content\/uploads\/2019\/08\/theme-park-dino-300x243.jpg 300w\" sizes=\"(max-width: 555px) 100vw, 555px\" \/>\t\t\t\t\t\t\t\t\t\t\t\t\t\t\t<\/div>\n\t\t\t\t<\/div>\n\t\t\t\t\t<\/div>\n\t\t<\/div>\n\t\t\t\t<div class=\"elementor-column elementor-col-50 elementor-top-column elementor-element elementor-element-86174eb\" data-id=\"86174eb\" data-element_type=\"column\">\n\t\t\t<div class=\"elementor-widget-wrap elementor-element-populated\">\n\t\t\t\t\t\t<div class=\"elementor-element elementor-element-021fefc elementor-widget elementor-widget-text-editor\" data-id=\"021fefc\" data-element_type=\"widget\" data-widget_type=\"text-editor.default\">\n\t\t\t\t<div class=\"elementor-widget-container\">\n\t\t\t\t\t\t\t\t\t<h4>Themenparks<\/h4>\n<p>W\u00e4hrend Ihres Urlaubs in Istrien k\u00f6nnen Sie auch in den zahlreichen Unterhaltungs- &amp; Themenparks genie\u00dfen. Besuchen Sie den Arch\u00e4ologischen Park Vi\u017eula, den Pal\u00e4opark Mon Perin und den Dino-Park, die ideal f\u00fcr Kinder sind, oder den Sanc.Michael Medieval Themenpark.<\/p>\n\t\t\t\t\t\t\t\t<\/div>\n\t\t\t\t<\/div>\n\t\t\t\t<div class=\"elementor-element elementor-element-2601991 elementor-widget elementor-widget-button\" data-id=\"2601991\" data-element_type=\"widget\" data-widget_type=\"button.default\">\n\t\t\t\t<div class=\"elementor-widget-container\">\n\t\t\t\t\t\t\t\t\t<div class=\"elementor-button-wrapper\">\n\t\t\t\t\t<a class=\"elementor-button elementor-button-link elementor-size-sm\" href=\"https:\/\/www.istra.hr\/de\/erlebnisse\/meer-und-sonne\/unterhaltung-themenparks\">\n\t\t\t\t\t\t<span class=\"elementor-button-content-wrapper\">\n\t\t\t\t\t\t\t\t\t<span class=\"elementor-button-text\">MEHR LESEN<\/span>\n\t\t\t\t\t<\/span>\n\t\t\t\t\t<\/a>\n\t\t\t\t<\/div>\n\t\t\t\t\t\t\t\t<\/div>\n\t\t\t\t<\/div>\n\t\t\t\t\t<\/div>\n\t\t<\/div>\n\t\t\t\t\t<\/div>\n\t\t<\/section>\n\t\t\t\t<\/div>\n\t\t","protected":false},"excerpt":{"rendered":"<p>Die istrische Gastronomie genie\u00dfen Istrien ist bekannt f\u00fcr die kulinarische Tradition und viele Besucher kommen vor allem wegen der k\u00f6stlichen traditionellen K\u00fcche. In zahlreichen netten Restaurants und urigen Tavernen k\u00f6nnen Sie die besten Meeresfr\u00fcchte, gegrillten Fisch und Fleischspezialit\u00e4ten probieren. MEHR LESEN Tagesausfl\u00fcge Unser Ort ist ein guter Start f\u00fcr viele interessante Tagesausfl\u00fcge. Von hier aus [&hellip;]<\/p>\n","protected":false},"author":1,"featured_media":0,"parent":0,"menu_order":0,"comment_status":"closed","ping_status":"closed","template":"","meta":{"footnotes":""},"class_list":["post-1367","page","type-page","status-publish","hentry"],"_links":{"self":[{"href":"https:\/\/istriavacation.com\/de\/wp-json\/wp\/v2\/pages\/1367","targetHints":{"allow":["GET"]}}],"collection":[{"href":"https:\/\/istriavacation.com\/de\/wp-json\/wp\/v2\/pages"}],"about":[{"href":"https:\/\/istriavacation.com\/de\/wp-json\/wp\/v2\/types\/page"}],"author":[{"embeddable":true,"href":"https:\/\/istriavacation.com\/de\/wp-json\/wp\/v2\/users\/1"}],"replies":[{"embeddable":true,"href":"https:\/\/istriavacation.com\/de\/wp-json\/wp\/v2\/comments?post=1367"}],"version-history":[{"count":8,"href":"https:\/\/istriavacation.com\/de\/wp-json\/wp\/v2\/pages\/1367\/revisions"}],"predecessor-version":[{"id":2125,"href":"https:\/\/istriavacation.com\/de\/wp-json\/wp\/v2\/pages\/1367\/revisions\/2125"}],"wp:attachment":[{"href":"https:\/\/istriavacation.com\/de\/wp-json\/wp\/v2\/media?parent=1367"}],"curies":[{"name":"wp","href":"https:\/\/api.w.org\/{rel}","templated":true}]}}