{"id":1400,"date":"2019-09-13T08:05:20","date_gmt":"2019-09-13T08:05:20","guid":{"rendered":"https:\/\/istriavacation.com\/attrazioni\/"},"modified":"2023-12-02T18:39:23","modified_gmt":"2023-12-02T18:39:23","slug":"attrazioni","status":"publish","type":"page","link":"https:\/\/istriavacation.com\/it\/attrazioni\/","title":{"rendered":"Attrazioni"},"content":{"rendered":"\t\t<div data-elementor-type=\"wp-post\" data-elementor-id=\"1400\" class=\"elementor elementor-1400 elementor-515\" data-elementor-post-type=\"page\">\n\t\t\t\t\t\t<section class=\"elementor-section elementor-top-section elementor-element elementor-element-4d5f4cc elementor-section-boxed elementor-section-height-default elementor-section-height-default\" data-id=\"4d5f4cc\" data-element_type=\"section\">\n\t\t\t\t\t\t<div class=\"elementor-container elementor-column-gap-default\">\n\t\t\t\t\t<div class=\"elementor-column elementor-col-50 elementor-top-column elementor-element elementor-element-cd9cf1a\" data-id=\"cd9cf1a\" data-element_type=\"column\">\n\t\t\t<div class=\"elementor-widget-wrap elementor-element-populated\">\n\t\t\t\t\t\t<div class=\"elementor-element elementor-element-5f06a7d elementor-widget elementor-widget-image\" data-id=\"5f06a7d\" data-element_type=\"widget\" data-widget_type=\"image.default\">\n\t\t\t\t<div class=\"elementor-widget-container\">\n\t\t\t\t\t\t\t\t\t\t\t\t\t\t\t<img fetchpriority=\"high\" decoding=\"async\" width=\"555\" height=\"450\" src=\"https:\/\/istriavacation.com\/wp-content\/uploads\/2019\/08\/pula.jpeg\" class=\"attachment-full size-full wp-image-1357\" alt=\"\" srcset=\"https:\/\/istriavacation.com\/wp-content\/uploads\/2019\/08\/pula.jpeg 555w, https:\/\/istriavacation.com\/wp-content\/uploads\/2019\/08\/pula-300x243.jpeg 300w\" sizes=\"(max-width: 555px) 100vw, 555px\" \/>\t\t\t\t\t\t\t\t\t\t\t\t\t\t\t<\/div>\n\t\t\t\t<\/div>\n\t\t\t\t\t<\/div>\n\t\t<\/div>\n\t\t\t\t<div class=\"elementor-column elementor-col-50 elementor-top-column elementor-element elementor-element-4e0842b\" data-id=\"4e0842b\" data-element_type=\"column\">\n\t\t\t<div class=\"elementor-widget-wrap elementor-element-populated\">\n\t\t\t\t\t\t<div class=\"elementor-element elementor-element-713d75e elementor-widget elementor-widget-text-editor\" data-id=\"713d75e\" data-element_type=\"widget\" data-widget_type=\"text-editor.default\">\n\t\t\t\t<div class=\"elementor-widget-container\">\n\t\t\t\t\t\t\t\t\t<h5>Anfiteatro di Pola<\/h5><div class=\"elementor-element elementor-element-0596f9b elementor-widget elementor-widget-text-editor\" data-id=\"0596f9b\" data-element_type=\"text-editor.default\"><div class=\"elementor-widget-container\"><div class=\"elementor-text-editor elementor-clearfix\"><p>Questa \u00e8 una delle attrazioni pi\u00f9 incredibili dell&#8217;Istria: \u00e8 l&#8217;imponente antico anfiteatro romano noto anche come Arena di Pola. Nelle vicinanze del porto, ospitava gare di gladiatori. Oggi \u00e8 sede di concerti e del famoso festival cinematografico di Pola.<\/p><\/div><\/div><\/div>\t\t\t\t\t\t\t\t<\/div>\n\t\t\t\t<\/div>\n\t\t\t\t<div class=\"elementor-element elementor-element-7ec3740 elementor-widget elementor-widget-button\" data-id=\"7ec3740\" data-element_type=\"widget\" data-widget_type=\"button.default\">\n\t\t\t\t<div class=\"elementor-widget-container\">\n\t\t\t\t\t\t\t\t\t<div class=\"elementor-button-wrapper\">\n\t\t\t\t\t<a class=\"elementor-button elementor-button-link elementor-size-sm\" href=\"https:\/\/www.istra.hr\/it\/esperienze\/cultura\/eredita-romana\/larena\">\n\t\t\t\t\t\t<span class=\"elementor-button-content-wrapper\">\n\t\t\t\t\t\t\t\t\t<span class=\"elementor-button-text\">MAGGIORI INFORMAZIONI<\/span>\n\t\t\t\t\t<\/span>\n\t\t\t\t\t<\/a>\n\t\t\t\t<\/div>\n\t\t\t\t\t\t\t\t<\/div>\n\t\t\t\t<\/div>\n\t\t\t\t\t<\/div>\n\t\t<\/div>\n\t\t\t\t\t<\/div>\n\t\t<\/section>\n\t\t\t\t<section class=\"elementor-section elementor-top-section elementor-element elementor-element-76d7b1b elementor-section-boxed elementor-section-height-default elementor-section-height-default\" data-id=\"76d7b1b\" data-element_type=\"section\">\n\t\t\t\t\t\t<div class=\"elementor-container elementor-column-gap-default\">\n\t\t\t\t\t<div class=\"elementor-column elementor-col-50 elementor-top-column elementor-element elementor-element-82bc640\" data-id=\"82bc640\" data-element_type=\"column\">\n\t\t\t<div class=\"elementor-widget-wrap elementor-element-populated\">\n\t\t\t\t\t\t<div class=\"elementor-element elementor-element-2d28883 elementor-widget elementor-widget-image\" data-id=\"2d28883\" data-element_type=\"widget\" data-widget_type=\"image.default\">\n\t\t\t\t<div class=\"elementor-widget-container\">\n\t\t\t\t\t\t\t\t\t\t\t\t\t\t\t<img decoding=\"async\" width=\"555\" height=\"450\" src=\"https:\/\/istriavacation.com\/wp-content\/uploads\/2019\/08\/plaze.jpeg\" class=\"attachment-full size-full wp-image-1358\" alt=\"\" srcset=\"https:\/\/istriavacation.com\/wp-content\/uploads\/2019\/08\/plaze.jpeg 555w, https:\/\/istriavacation.com\/wp-content\/uploads\/2019\/08\/plaze-300x243.jpeg 300w\" sizes=\"(max-width: 555px) 100vw, 555px\" \/>\t\t\t\t\t\t\t\t\t\t\t\t\t\t\t<\/div>\n\t\t\t\t<\/div>\n\t\t\t\t\t<\/div>\n\t\t<\/div>\n\t\t\t\t<div class=\"elementor-column elementor-col-50 elementor-top-column elementor-element elementor-element-aeb2adb\" data-id=\"aeb2adb\" data-element_type=\"column\">\n\t\t\t<div class=\"elementor-widget-wrap elementor-element-populated\">\n\t\t\t\t\t\t<div class=\"elementor-element elementor-element-ab7f71d elementor-widget elementor-widget-text-editor\" data-id=\"ab7f71d\" data-element_type=\"widget\" data-widget_type=\"text-editor.default\">\n\t\t\t\t<div class=\"elementor-widget-container\">\n\t\t\t\t\t\t\t\t\t<h5>Spiagge di Vrsar<\/h5>\n<div class=\"elementor-element elementor-element-0596f9b elementor-widget elementor-widget-text-editor\" data-id=\"0596f9b\" data-element_type=\"text-editor.default\">\n<div class=\"elementor-widget-container\">\n<div class=\"elementor-text-editor elementor-clearfix\">\n<p>Nei dintorni di Vrsar ci sono belle spiagge per godersi il sole e il mare. Tutti possono trovare qui quel che desiderano: spiagge con piccoli ciottoli e spiagge scogliose. La maggior parte di esse hanno la Bandiera Blu, tutte ben attrezzate.<\/p>\n<\/div>\n<\/div>\n<\/div>\n\t\t\t\t\t\t\t\t<\/div>\n\t\t\t\t<\/div>\n\t\t\t\t<div class=\"elementor-element elementor-element-5c2a8fb elementor-widget elementor-widget-button\" data-id=\"5c2a8fb\" data-element_type=\"widget\" data-widget_type=\"button.default\">\n\t\t\t\t<div class=\"elementor-widget-container\">\n\t\t\t\t\t\t\t\t\t<div class=\"elementor-button-wrapper\">\n\t\t\t\t\t<a class=\"elementor-button elementor-button-link elementor-size-sm\" href=\"https:\/\/infovrsar.com\/it\/esperienze\/spiagge-e-piscine\/\">\n\t\t\t\t\t\t<span class=\"elementor-button-content-wrapper\">\n\t\t\t\t\t\t\t\t\t<span class=\"elementor-button-text\">MAGGIORI INFORMAZIONI<\/span>\n\t\t\t\t\t<\/span>\n\t\t\t\t\t<\/a>\n\t\t\t\t<\/div>\n\t\t\t\t\t\t\t\t<\/div>\n\t\t\t\t<\/div>\n\t\t\t\t\t<\/div>\n\t\t<\/div>\n\t\t\t\t\t<\/div>\n\t\t<\/section>\n\t\t\t\t<section class=\"elementor-section elementor-top-section elementor-element elementor-element-cbdd799 elementor-section-boxed elementor-section-height-default elementor-section-height-default\" data-id=\"cbdd799\" data-element_type=\"section\">\n\t\t\t\t\t\t<div class=\"elementor-container elementor-column-gap-default\">\n\t\t\t\t\t<div class=\"elementor-column elementor-col-50 elementor-top-column elementor-element elementor-element-0a679c2\" data-id=\"0a679c2\" data-element_type=\"column\">\n\t\t\t<div class=\"elementor-widget-wrap elementor-element-populated\">\n\t\t\t\t\t\t<div class=\"elementor-element elementor-element-f69252e elementor-widget elementor-widget-image\" data-id=\"f69252e\" data-element_type=\"widget\" data-widget_type=\"image.default\">\n\t\t\t\t<div class=\"elementor-widget-container\">\n\t\t\t\t\t\t\t\t\t\t\t\t\t\t\t<img decoding=\"async\" width=\"555\" height=\"451\" src=\"https:\/\/istriavacation.com\/wp-content\/uploads\/2019\/08\/cave-756_1280.jpg\" class=\"attachment-full size-full wp-image-1359\" alt=\"\" srcset=\"https:\/\/istriavacation.com\/wp-content\/uploads\/2019\/08\/cave-756_1280.jpg 555w, https:\/\/istriavacation.com\/wp-content\/uploads\/2019\/08\/cave-756_1280-300x244.jpg 300w\" sizes=\"(max-width: 555px) 100vw, 555px\" \/>\t\t\t\t\t\t\t\t\t\t\t\t\t\t\t<\/div>\n\t\t\t\t<\/div>\n\t\t\t\t\t<\/div>\n\t\t<\/div>\n\t\t\t\t<div class=\"elementor-column elementor-col-50 elementor-top-column elementor-element elementor-element-d9f9744\" data-id=\"d9f9744\" data-element_type=\"column\">\n\t\t\t<div class=\"elementor-widget-wrap elementor-element-populated\">\n\t\t\t\t\t\t<div class=\"elementor-element elementor-element-30fce32 elementor-widget elementor-widget-text-editor\" data-id=\"30fce32\" data-element_type=\"widget\" data-widget_type=\"text-editor.default\">\n\t\t\t\t<div class=\"elementor-widget-container\">\n\t\t\t\t\t\t\t\t\t<h5>Patrimonio naturale<\/h5>\n<div class=\"elementor-element elementor-element-0596f9b elementor-widget elementor-widget-text-editor\" data-id=\"0596f9b\" data-element_type=\"text-editor.default\">\n<div class=\"elementor-widget-container\">\n<div class=\"elementor-text-editor elementor-clearfix\">\n<p>L&#8217;Istria \u00e8 perfetta per il relax con la sua natura intatta e la sua bellezza naturale ben salvaguardata. Ci sono colline verdi, parchi nazionali, giardini botanici, siti geologici, grotte e caverne e altri luoghi naturali stupendi.<\/p>\n<\/div>\n<\/div>\n<\/div>\n\t\t\t\t\t\t\t\t<\/div>\n\t\t\t\t<\/div>\n\t\t\t\t<div class=\"elementor-element elementor-element-ae261a6 elementor-widget elementor-widget-button\" data-id=\"ae261a6\" data-element_type=\"widget\" data-widget_type=\"button.default\">\n\t\t\t\t<div class=\"elementor-widget-container\">\n\t\t\t\t\t\t\t\t\t<div class=\"elementor-button-wrapper\">\n\t\t\t\t\t<a class=\"elementor-button elementor-button-link elementor-size-sm\" href=\"https:\/\/www.istra.hr\/it\/esperienze\/cultura\">\n\t\t\t\t\t\t<span class=\"elementor-button-content-wrapper\">\n\t\t\t\t\t\t\t\t\t<span class=\"elementor-button-text\">MAGGIORI INFORMAZIONI<\/span>\n\t\t\t\t\t<\/span>\n\t\t\t\t\t<\/a>\n\t\t\t\t<\/div>\n\t\t\t\t\t\t\t\t<\/div>\n\t\t\t\t<\/div>\n\t\t\t\t\t<\/div>\n\t\t<\/div>\n\t\t\t\t\t<\/div>\n\t\t<\/section>\n\t\t\t\t<section class=\"elementor-section elementor-top-section elementor-element elementor-element-b046ae8 elementor-section-boxed elementor-section-height-default elementor-section-height-default\" data-id=\"b046ae8\" data-element_type=\"section\">\n\t\t\t\t\t\t<div class=\"elementor-container elementor-column-gap-default\">\n\t\t\t\t\t<div class=\"elementor-column elementor-col-50 elementor-top-column elementor-element elementor-element-f682856\" data-id=\"f682856\" data-element_type=\"column\">\n\t\t\t<div class=\"elementor-widget-wrap elementor-element-populated\">\n\t\t\t\t\t\t<div class=\"elementor-element elementor-element-09a77ea elementor-widget elementor-widget-image\" data-id=\"09a77ea\" data-element_type=\"widget\" data-widget_type=\"image.default\">\n\t\t\t\t<div class=\"elementor-widget-container\">\n\t\t\t\t\t\t\t\t\t\t\t\t\t\t\t<img loading=\"lazy\" decoding=\"async\" width=\"555\" height=\"450\" src=\"https:\/\/istriavacation.com\/wp-content\/uploads\/2019\/08\/aeropark-aircraft.jpg\" class=\"attachment-full size-full wp-image-1360\" alt=\"\" srcset=\"https:\/\/istriavacation.com\/wp-content\/uploads\/2019\/08\/aeropark-aircraft.jpg 555w, https:\/\/istriavacation.com\/wp-content\/uploads\/2019\/08\/aeropark-aircraft-300x243.jpg 300w\" sizes=\"(max-width: 555px) 100vw, 555px\" \/>\t\t\t\t\t\t\t\t\t\t\t\t\t\t\t<\/div>\n\t\t\t\t<\/div>\n\t\t\t\t\t<\/div>\n\t\t<\/div>\n\t\t\t\t<div class=\"elementor-column elementor-col-50 elementor-top-column elementor-element elementor-element-3fd0788\" data-id=\"3fd0788\" data-element_type=\"column\">\n\t\t\t<div class=\"elementor-widget-wrap elementor-element-populated\">\n\t\t\t\t\t\t<div class=\"elementor-element elementor-element-630041d elementor-widget elementor-widget-text-editor\" data-id=\"630041d\" data-element_type=\"widget\" data-widget_type=\"text-editor.default\">\n\t\t\t\t<div class=\"elementor-widget-container\">\n\t\t\t\t\t\t\t\t\t<h5>Aeropark di Vrsar<\/h5>\n<div class=\"elementor-element elementor-element-0596f9b elementor-widget elementor-widget-text-editor\" data-id=\"0596f9b\" data-element_type=\"text-editor.default\">\n<div class=\"elementor-widget-container\">\n<div class=\"elementor-text-editor elementor-clearfix\">\n<p>Vicino a Vrsar c&#8217;\u00e8 un aeroporto sportivo contornato da campi verdi. Oltre ad avventure nel cielo, anche sulla terra si pu\u00f2 usufruire di varie attivit\u00e0. Ci si pu\u00f2 sedere nella cabina di pilotaggio, visitare la mostra e scoprire il mondo degli aerei!<\/p>\n<\/div>\n<\/div>\n<\/div>\n\t\t\t\t\t\t\t\t<\/div>\n\t\t\t\t<\/div>\n\t\t\t\t<div class=\"elementor-element elementor-element-da52f0b elementor-widget elementor-widget-button\" data-id=\"da52f0b\" data-element_type=\"widget\" data-widget_type=\"button.default\">\n\t\t\t\t<div class=\"elementor-widget-container\">\n\t\t\t\t\t\t\t\t\t<div class=\"elementor-button-wrapper\">\n\t\t\t\t\t<a class=\"elementor-button elementor-button-link elementor-size-sm\" href=\"https:\/\/www.tripadvisor.com\/Attraction_Review-g608712-d4795561-Reviews-Aeropark_Vrsar_Tours-Vrsar_Istria.html\">\n\t\t\t\t\t\t<span class=\"elementor-button-content-wrapper\">\n\t\t\t\t\t\t\t\t\t<span class=\"elementor-button-text\">MAGGIORI INFORMAZIONI<\/span>\n\t\t\t\t\t<\/span>\n\t\t\t\t\t<\/a>\n\t\t\t\t<\/div>\n\t\t\t\t\t\t\t\t<\/div>\n\t\t\t\t<\/div>\n\t\t\t\t\t<\/div>\n\t\t<\/div>\n\t\t\t\t\t<\/div>\n\t\t<\/section>\n\t\t\t\t<section class=\"elementor-section elementor-top-section elementor-element elementor-element-090cb6e elementor-section-boxed elementor-section-height-default elementor-section-height-default\" data-id=\"090cb6e\" data-element_type=\"section\">\n\t\t\t\t\t\t<div class=\"elementor-container elementor-column-gap-default\">\n\t\t\t\t\t<div class=\"elementor-column elementor-col-50 elementor-top-column elementor-element elementor-element-467a36d\" data-id=\"467a36d\" data-element_type=\"column\">\n\t\t\t<div class=\"elementor-widget-wrap elementor-element-populated\">\n\t\t\t\t\t\t<div class=\"elementor-element elementor-element-545d12e elementor-widget elementor-widget-image\" data-id=\"545d12e\" data-element_type=\"widget\" data-widget_type=\"image.default\">\n\t\t\t\t<div class=\"elementor-widget-container\">\n\t\t\t\t\t\t\t\t\t\t\t\t\t\t\t<img loading=\"lazy\" decoding=\"async\" width=\"555\" height=\"451\" src=\"https:\/\/istriavacation.com\/wp-content\/uploads\/2019\/08\/sculptures-colly.jpg\" class=\"attachment-full size-full wp-image-1361\" alt=\"\" srcset=\"https:\/\/istriavacation.com\/wp-content\/uploads\/2019\/08\/sculptures-colly.jpg 555w, https:\/\/istriavacation.com\/wp-content\/uploads\/2019\/08\/sculptures-colly-300x244.jpg 300w\" sizes=\"(max-width: 555px) 100vw, 555px\" \/>\t\t\t\t\t\t\t\t\t\t\t\t\t\t\t<\/div>\n\t\t\t\t<\/div>\n\t\t\t\t\t<\/div>\n\t\t<\/div>\n\t\t\t\t<div class=\"elementor-column elementor-col-50 elementor-top-column elementor-element elementor-element-fd05793\" data-id=\"fd05793\" data-element_type=\"column\">\n\t\t\t<div class=\"elementor-widget-wrap elementor-element-populated\">\n\t\t\t\t\t\t<div class=\"elementor-element elementor-element-2d002c7 elementor-widget elementor-widget-text-editor\" data-id=\"2d002c7\" data-element_type=\"widget\" data-widget_type=\"text-editor.default\">\n\t\t\t\t<div class=\"elementor-widget-container\">\n\t\t\t\t\t\t\t\t\t<h5>Parco delle Sculture<\/h5>\n<div class=\"elementor-element elementor-element-0596f9b elementor-widget elementor-widget-text-editor\" data-id=\"0596f9b\" data-element_type=\"text-editor.default\">\n<div class=\"elementor-widget-container\">\n<div class=\"elementor-text-editor elementor-clearfix\">\n<p>Il Parco delle Sculture di Du\u0161an D\u017eamonja \u00e8 una delle attrazioni pi\u00f9 visitate. Questo famoso artista ha fatto dei prati istriani il suo atelier, laboratorio e parco delle sculture. La superficie si estende su 10 ettari, su colline sul mare.<\/p>\n<\/div>\n<\/div>\n<\/div>\n\t\t\t\t\t\t\t\t<\/div>\n\t\t\t\t<\/div>\n\t\t\t\t<div class=\"elementor-element elementor-element-4df6773 elementor-widget elementor-widget-button\" data-id=\"4df6773\" data-element_type=\"widget\" data-widget_type=\"button.default\">\n\t\t\t\t<div class=\"elementor-widget-container\">\n\t\t\t\t\t\t\t\t\t<div class=\"elementor-button-wrapper\">\n\t\t\t\t\t<a class=\"elementor-button elementor-button-link elementor-size-sm\" href=\"https:\/\/infovrsar.com\/it\/esperienze\/storia-e-cultura\/arte-contemporanea\/parco-di-sculture-di-dusan-dzamonja\/\">\n\t\t\t\t\t\t<span class=\"elementor-button-content-wrapper\">\n\t\t\t\t\t\t\t\t\t<span class=\"elementor-button-text\">MAGGIORI INFORMAZIONI<\/span>\n\t\t\t\t\t<\/span>\n\t\t\t\t\t<\/a>\n\t\t\t\t<\/div>\n\t\t\t\t\t\t\t\t<\/div>\n\t\t\t\t<\/div>\n\t\t\t\t\t<\/div>\n\t\t<\/div>\n\t\t\t\t\t<\/div>\n\t\t<\/section>\n\t\t\t\t<section class=\"elementor-section elementor-top-section elementor-element elementor-element-6e9b924 elementor-section-boxed elementor-section-height-default elementor-section-height-default\" data-id=\"6e9b924\" data-element_type=\"section\">\n\t\t\t\t\t\t<div class=\"elementor-container elementor-column-gap-default\">\n\t\t\t\t\t<div class=\"elementor-column elementor-col-50 elementor-top-column elementor-element elementor-element-2e3b6ca\" data-id=\"2e3b6ca\" data-element_type=\"column\">\n\t\t\t<div class=\"elementor-widget-wrap elementor-element-populated\">\n\t\t\t\t\t\t<div class=\"elementor-element elementor-element-e55547f elementor-widget elementor-widget-image\" data-id=\"e55547f\" data-element_type=\"widget\" data-widget_type=\"image.default\">\n\t\t\t\t<div class=\"elementor-widget-container\">\n\t\t\t\t\t\t\t\t\t\t\t\t\t\t\t<img loading=\"lazy\" decoding=\"async\" width=\"555\" height=\"450\" src=\"https:\/\/istriavacation.com\/wp-content\/uploads\/2019\/08\/archipelago-rovinj-.jpeg\" class=\"attachment-full size-full wp-image-1362\" alt=\"\" srcset=\"https:\/\/istriavacation.com\/wp-content\/uploads\/2019\/08\/archipelago-rovinj-.jpeg 555w, https:\/\/istriavacation.com\/wp-content\/uploads\/2019\/08\/archipelago-rovinj--300x243.jpeg 300w\" sizes=\"(max-width: 555px) 100vw, 555px\" \/>\t\t\t\t\t\t\t\t\t\t\t\t\t\t\t<\/div>\n\t\t\t\t<\/div>\n\t\t\t\t\t<\/div>\n\t\t<\/div>\n\t\t\t\t<div class=\"elementor-column elementor-col-50 elementor-top-column elementor-element elementor-element-2e7a3ad\" data-id=\"2e7a3ad\" data-element_type=\"column\">\n\t\t\t<div class=\"elementor-widget-wrap elementor-element-populated\">\n\t\t\t\t\t\t<div class=\"elementor-element elementor-element-497e554 elementor-widget elementor-widget-text-editor\" data-id=\"497e554\" data-element_type=\"widget\" data-widget_type=\"text-editor.default\">\n\t\t\t\t<div class=\"elementor-widget-container\">\n\t\t\t\t\t\t\t\t\t<h5>Arcipelago dei 18 isolotti<\/h5>\n<div class=\"elementor-element elementor-element-0596f9b elementor-widget elementor-widget-text-editor\" data-id=\"0596f9b\" data-element_type=\"text-editor.default\">\n<div class=\"elementor-widget-container\">\n<div class=\"elementor-text-editor elementor-clearfix\">\n<p>Il paesaggio marino di Vrsar \u00e8 caratterizzato da isolotti. Il panorama sull&#8217;arcipelago \u00e8 un piacere per ogni viaggiatore che desidera posare gli occhi su una bellezza naturale. Tra questi isolotti ci sono molte baie nascoste, insenature e grotte.<\/p>\n<\/div>\n<\/div>\n<\/div>\n\t\t\t\t\t\t\t\t<\/div>\n\t\t\t\t<\/div>\n\t\t\t\t<div class=\"elementor-element elementor-element-44a064a elementor-widget elementor-widget-button\" data-id=\"44a064a\" data-element_type=\"widget\" data-widget_type=\"button.default\">\n\t\t\t\t<div class=\"elementor-widget-container\">\n\t\t\t\t\t\t\t\t\t<div class=\"elementor-button-wrapper\">\n\t\t\t\t\t<a class=\"elementor-button elementor-button-link elementor-size-sm\" href=\"https:\/\/infovrsar.com\/it\/esperienze\/natura\/\">\n\t\t\t\t\t\t<span class=\"elementor-button-content-wrapper\">\n\t\t\t\t\t\t\t\t\t<span class=\"elementor-button-text\">MAGGIORI INFORMAZIONI<\/span>\n\t\t\t\t\t<\/span>\n\t\t\t\t\t<\/a>\n\t\t\t\t<\/div>\n\t\t\t\t\t\t\t\t<\/div>\n\t\t\t\t<\/div>\n\t\t\t\t\t<\/div>\n\t\t<\/div>\n\t\t\t\t\t<\/div>\n\t\t<\/section>\n\t\t\t\t<section class=\"elementor-section elementor-top-section elementor-element elementor-element-05789c5 elementor-section-boxed elementor-section-height-default elementor-section-height-default\" data-id=\"05789c5\" data-element_type=\"section\">\n\t\t\t\t\t\t<div class=\"elementor-container elementor-column-gap-default\">\n\t\t\t\t\t<div class=\"elementor-column elementor-col-100 elementor-top-column elementor-element elementor-element-4683b87\" data-id=\"4683b87\" data-element_type=\"column\">\n\t\t\t<div class=\"elementor-widget-wrap\">\n\t\t\t\t\t\t\t<\/div>\n\t\t<\/div>\n\t\t\t\t\t<\/div>\n\t\t<\/section>\n\t\t\t\t<\/div>\n\t\t","protected":false},"excerpt":{"rendered":"<p>Anfiteatro di Pola Questa \u00e8 una delle attrazioni pi\u00f9 incredibili dell&#8217;Istria: \u00e8 l&#8217;imponente antico anfiteatro romano noto anche come Arena di Pola. Nelle vicinanze del porto, ospitava gare di gladiatori. Oggi \u00e8 sede di concerti e del famoso festival cinematografico di Pola. MAGGIORI INFORMAZIONI Spiagge di Vrsar Nei dintorni di Vrsar ci sono belle spiagge [&hellip;]<\/p>\n","protected":false},"author":1,"featured_media":0,"parent":0,"menu_order":0,"comment_status":"closed","ping_status":"closed","template":"","meta":{"footnotes":""},"class_list":["post-1400","page","type-page","status-publish","hentry"],"_links":{"self":[{"href":"https:\/\/istriavacation.com\/it\/wp-json\/wp\/v2\/pages\/1400","targetHints":{"allow":["GET"]}}],"collection":[{"href":"https:\/\/istriavacation.com\/it\/wp-json\/wp\/v2\/pages"}],"about":[{"href":"https:\/\/istriavacation.com\/it\/wp-json\/wp\/v2\/types\/page"}],"author":[{"embeddable":true,"href":"https:\/\/istriavacation.com\/it\/wp-json\/wp\/v2\/users\/1"}],"replies":[{"embeddable":true,"href":"https:\/\/istriavacation.com\/it\/wp-json\/wp\/v2\/comments?post=1400"}],"version-history":[{"count":7,"href":"https:\/\/istriavacation.com\/it\/wp-json\/wp\/v2\/pages\/1400\/revisions"}],"predecessor-version":[{"id":2150,"href":"https:\/\/istriavacation.com\/it\/wp-json\/wp\/v2\/pages\/1400\/revisions\/2150"}],"wp:attachment":[{"href":"https:\/\/istriavacation.com\/it\/wp-json\/wp\/v2\/media?parent=1400"}],"curies":[{"name":"wp","href":"https:\/\/api.w.org\/{rel}","templated":true}]}}