{"id":1402,"date":"2019-09-13T08:08:25","date_gmt":"2019-09-13T08:08:25","guid":{"rendered":"https:\/\/istriavacation.com\/attivita\/"},"modified":"2023-12-02T17:30:11","modified_gmt":"2023-12-02T17:30:11","slug":"attivita","status":"publish","type":"page","link":"https:\/\/istriavacation.com\/it\/attivita\/","title":{"rendered":"Attivit\u00e0"},"content":{"rendered":"\t\t<div data-elementor-type=\"wp-post\" data-elementor-id=\"1402\" class=\"elementor elementor-1402 elementor-517\" data-elementor-post-type=\"page\">\n\t\t\t\t\t\t<section class=\"elementor-section elementor-top-section elementor-element elementor-element-b2aa92e elementor-section-boxed elementor-section-height-default elementor-section-height-default\" data-id=\"b2aa92e\" data-element_type=\"section\">\n\t\t\t\t\t\t<div class=\"elementor-container elementor-column-gap-default\">\n\t\t\t\t\t<div class=\"elementor-column elementor-col-50 elementor-top-column elementor-element elementor-element-17b284c\" data-id=\"17b284c\" data-element_type=\"column\">\n\t\t\t<div class=\"elementor-widget-wrap elementor-element-populated\">\n\t\t\t\t\t\t<div class=\"elementor-element elementor-element-1499b30 elementor-widget elementor-widget-image\" data-id=\"1499b30\" data-element_type=\"widget\" data-widget_type=\"image.default\">\n\t\t\t\t<div class=\"elementor-widget-container\">\n\t\t\t\t\t\t\t\t\t\t\t\t\t\t\t<img fetchpriority=\"high\" decoding=\"async\" width=\"555\" height=\"450\" src=\"https:\/\/istriavacation.com\/wp-content\/uploads\/2019\/08\/to-do-gastro-2.jpg\" class=\"attachment-large size-large wp-image-1404\" alt=\"\" srcset=\"https:\/\/istriavacation.com\/wp-content\/uploads\/2019\/08\/to-do-gastro-2.jpg 555w, https:\/\/istriavacation.com\/wp-content\/uploads\/2019\/08\/to-do-gastro-2-300x243.jpg 300w\" sizes=\"(max-width: 555px) 100vw, 555px\" \/>\t\t\t\t\t\t\t\t\t\t\t\t\t\t\t<\/div>\n\t\t\t\t<\/div>\n\t\t\t\t\t<\/div>\n\t\t<\/div>\n\t\t\t\t<div class=\"elementor-column elementor-col-50 elementor-top-column elementor-element elementor-element-a2cb8e8\" data-id=\"a2cb8e8\" data-element_type=\"column\">\n\t\t\t<div class=\"elementor-widget-wrap elementor-element-populated\">\n\t\t\t\t\t\t<div class=\"elementor-element elementor-element-07a3c11 elementor-widget elementor-widget-text-editor\" data-id=\"07a3c11\" data-element_type=\"widget\" data-widget_type=\"text-editor.default\">\n\t\t\t\t<div class=\"elementor-widget-container\">\n\t\t\t\t\t\t\t\t\t<h4>Goditi la gastronomia dell&#8217;Istria<\/h4>\n<p>L&#8217;Istria \u00e8 famosa per la sua tradizione gastronomica e molti arrivano soprattutto per gustare deliziosi piatti tradizionali. Nei tanti ristoranti gourmet e taverne autentiche si assaporano i migliori frutti di mare, pesce alla griglia e specialit\u00e0 di carne.<\/p>\n\t\t\t\t\t\t\t\t<\/div>\n\t\t\t\t<\/div>\n\t\t\t\t<div class=\"elementor-element elementor-element-a0acfbd elementor-widget elementor-widget-button\" data-id=\"a0acfbd\" data-element_type=\"widget\" data-widget_type=\"button.default\">\n\t\t\t\t<div class=\"elementor-widget-container\">\n\t\t\t\t\t\t\t\t\t<div class=\"elementor-button-wrapper\">\n\t\t\t\t\t<a class=\"elementor-button elementor-button-link elementor-size-sm\" href=\"https:\/\/infovrsar.com\/it\/sapori\/\">\n\t\t\t\t\t\t<span class=\"elementor-button-content-wrapper\">\n\t\t\t\t\t\t\t\t\t<span class=\"elementor-button-text\">MAGGIORI INFORMAZIONI<\/span>\n\t\t\t\t\t<\/span>\n\t\t\t\t\t<\/a>\n\t\t\t\t<\/div>\n\t\t\t\t\t\t\t\t<\/div>\n\t\t\t\t<\/div>\n\t\t\t\t\t<\/div>\n\t\t<\/div>\n\t\t\t\t\t<\/div>\n\t\t<\/section>\n\t\t\t\t<section class=\"elementor-section elementor-top-section elementor-element elementor-element-743ef58 elementor-section-boxed elementor-section-height-default elementor-section-height-default\" data-id=\"743ef58\" data-element_type=\"section\">\n\t\t\t\t\t\t<div class=\"elementor-container elementor-column-gap-default\">\n\t\t\t\t\t<div class=\"elementor-column elementor-col-50 elementor-top-column elementor-element elementor-element-7d6132a\" data-id=\"7d6132a\" data-element_type=\"column\">\n\t\t\t<div class=\"elementor-widget-wrap elementor-element-populated\">\n\t\t\t\t\t\t<div class=\"elementor-element elementor-element-51ecf65 elementor-widget elementor-widget-image\" data-id=\"51ecf65\" data-element_type=\"widget\" data-widget_type=\"image.default\">\n\t\t\t\t<div class=\"elementor-widget-container\">\n\t\t\t\t\t\t\t\t\t\t\t\t\t\t\t<img decoding=\"async\" width=\"555\" height=\"450\" src=\"https:\/\/istriavacation.com\/wp-content\/uploads\/2019\/08\/pula.jpeg\" class=\"attachment-large size-large wp-image-1357\" alt=\"\" srcset=\"https:\/\/istriavacation.com\/wp-content\/uploads\/2019\/08\/pula.jpeg 555w, https:\/\/istriavacation.com\/wp-content\/uploads\/2019\/08\/pula-300x243.jpeg 300w\" sizes=\"(max-width: 555px) 100vw, 555px\" \/>\t\t\t\t\t\t\t\t\t\t\t\t\t\t\t<\/div>\n\t\t\t\t<\/div>\n\t\t\t\t\t<\/div>\n\t\t<\/div>\n\t\t\t\t<div class=\"elementor-column elementor-col-50 elementor-top-column elementor-element elementor-element-5de65af\" data-id=\"5de65af\" data-element_type=\"column\">\n\t\t\t<div class=\"elementor-widget-wrap elementor-element-populated\">\n\t\t\t\t\t\t<div class=\"elementor-element elementor-element-29d218c elementor-widget elementor-widget-text-editor\" data-id=\"29d218c\" data-element_type=\"widget\" data-widget_type=\"text-editor.default\">\n\t\t\t\t<div class=\"elementor-widget-container\">\n\t\t\t\t\t\t\t\t\t<h4>Gite di un giorno<\/h4>\n<p>Il nostro posto \u00e8 un ottimo punto di partenza per belle gite di un giorno. Da qui si pu\u00f2 visitare Pola e il suo anfiteatro o l&#8217;entroterra dell&#8217;Istria e la citt\u00e0 di Pazin. La bellissima Poreo non \u00e8 lontana o si pu\u00f2 anche visitare la grotta di Baredine.<\/p>\n\t\t\t\t\t\t\t\t<\/div>\n\t\t\t\t<\/div>\n\t\t\t\t<div class=\"elementor-element elementor-element-80b51df elementor-widget elementor-widget-button\" data-id=\"80b51df\" data-element_type=\"widget\" data-widget_type=\"button.default\">\n\t\t\t\t<div class=\"elementor-widget-container\">\n\t\t\t\t\t\t\t\t\t<div class=\"elementor-button-wrapper\">\n\t\t\t\t\t<a class=\"elementor-button elementor-button-link elementor-size-sm\" href=\"https:\/\/www.istra.hr\/it\/esperienze\/istria-verde\">\n\t\t\t\t\t\t<span class=\"elementor-button-content-wrapper\">\n\t\t\t\t\t\t\t\t\t<span class=\"elementor-button-text\">MAGGIORI INFORMAZIONI<\/span>\n\t\t\t\t\t<\/span>\n\t\t\t\t\t<\/a>\n\t\t\t\t<\/div>\n\t\t\t\t\t\t\t\t<\/div>\n\t\t\t\t<\/div>\n\t\t\t\t\t<\/div>\n\t\t<\/div>\n\t\t\t\t\t<\/div>\n\t\t<\/section>\n\t\t\t\t<section class=\"elementor-section elementor-top-section elementor-element elementor-element-38984e6 elementor-section-boxed elementor-section-height-default elementor-section-height-default\" data-id=\"38984e6\" data-element_type=\"section\">\n\t\t\t\t\t\t<div class=\"elementor-container elementor-column-gap-default\">\n\t\t\t\t\t<div class=\"elementor-column elementor-col-50 elementor-top-column elementor-element elementor-element-0e0058a\" data-id=\"0e0058a\" data-element_type=\"column\">\n\t\t\t<div class=\"elementor-widget-wrap elementor-element-populated\">\n\t\t\t\t\t\t<div class=\"elementor-element elementor-element-12cfeb0 elementor-widget elementor-widget-image\" data-id=\"12cfeb0\" data-element_type=\"widget\" data-widget_type=\"image.default\">\n\t\t\t\t<div class=\"elementor-widget-container\">\n\t\t\t\t\t\t\t\t\t\t\t\t\t\t\t<img decoding=\"async\" width=\"555\" height=\"450\" src=\"https:\/\/istriavacation.com\/wp-content\/uploads\/2019\/08\/biking.jpeg\" class=\"attachment-large size-large wp-image-1366\" alt=\"\" srcset=\"https:\/\/istriavacation.com\/wp-content\/uploads\/2019\/08\/biking.jpeg 555w, https:\/\/istriavacation.com\/wp-content\/uploads\/2019\/08\/biking-300x243.jpeg 300w\" sizes=\"(max-width: 555px) 100vw, 555px\" \/>\t\t\t\t\t\t\t\t\t\t\t\t\t\t\t<\/div>\n\t\t\t\t<\/div>\n\t\t\t\t\t<\/div>\n\t\t<\/div>\n\t\t\t\t<div class=\"elementor-column elementor-col-50 elementor-top-column elementor-element elementor-element-240929f\" data-id=\"240929f\" data-element_type=\"column\">\n\t\t\t<div class=\"elementor-widget-wrap elementor-element-populated\">\n\t\t\t\t\t\t<div class=\"elementor-element elementor-element-1a675a2 elementor-widget elementor-widget-text-editor\" data-id=\"1a675a2\" data-element_type=\"widget\" data-widget_type=\"text-editor.default\">\n\t\t\t\t<div class=\"elementor-widget-container\">\n\t\t\t\t\t\t\t\t\t<h4>Piste ciclabili<\/h4>\n<p>L&#8217;Istria \u00e8 gi\u00e0 nota quale meta ciclistica. Se sei un amante della bicicletta, Vrsar e i suoi dintorni offrono dei percorsi molto sorprendenti. Prendi la tua bici, goditi la natura, le specialit\u00e0 locali e le viste mozzafiato tutto l&#8217;anno!<\/p>\n\t\t\t\t\t\t\t\t<\/div>\n\t\t\t\t<\/div>\n\t\t\t\t<div class=\"elementor-element elementor-element-3d1b0af elementor-widget elementor-widget-button\" data-id=\"3d1b0af\" data-element_type=\"widget\" data-widget_type=\"button.default\">\n\t\t\t\t<div class=\"elementor-widget-container\">\n\t\t\t\t\t\t\t\t\t<div class=\"elementor-button-wrapper\">\n\t\t\t\t\t<a class=\"elementor-button elementor-button-link elementor-size-sm\" href=\"https:\/\/infovrsar.com\/it\/esperienze\/sport-ricreazione\/ciclismo-outdoor\/ciclismo\/percorsi-ciclabili\/\">\n\t\t\t\t\t\t<span class=\"elementor-button-content-wrapper\">\n\t\t\t\t\t\t\t\t\t<span class=\"elementor-button-text\">MAGGIORI INFORMAZIONI<\/span>\n\t\t\t\t\t<\/span>\n\t\t\t\t\t<\/a>\n\t\t\t\t<\/div>\n\t\t\t\t\t\t\t\t<\/div>\n\t\t\t\t<\/div>\n\t\t\t\t\t<\/div>\n\t\t<\/div>\n\t\t\t\t\t<\/div>\n\t\t<\/section>\n\t\t\t\t<section class=\"elementor-section elementor-top-section elementor-element elementor-element-09d585a elementor-section-boxed elementor-section-height-default elementor-section-height-default\" data-id=\"09d585a\" data-element_type=\"section\">\n\t\t\t\t\t\t<div class=\"elementor-container elementor-column-gap-default\">\n\t\t\t\t\t<div class=\"elementor-column elementor-col-50 elementor-top-column elementor-element elementor-element-9f3d290\" data-id=\"9f3d290\" data-element_type=\"column\">\n\t\t\t<div class=\"elementor-widget-wrap elementor-element-populated\">\n\t\t\t\t\t\t<div class=\"elementor-element elementor-element-c4e77d4 elementor-widget elementor-widget-image\" data-id=\"c4e77d4\" data-element_type=\"widget\" data-widget_type=\"image.default\">\n\t\t\t\t<div class=\"elementor-widget-container\">\n\t\t\t\t\t\t\t\t\t\t\t\t\t\t\t<img loading=\"lazy\" decoding=\"async\" width=\"555\" height=\"450\" src=\"https:\/\/istriavacation.com\/wp-content\/uploads\/2019\/08\/hiking.jpeg\" class=\"attachment-large size-large wp-image-1363\" alt=\"\" srcset=\"https:\/\/istriavacation.com\/wp-content\/uploads\/2019\/08\/hiking.jpeg 555w, https:\/\/istriavacation.com\/wp-content\/uploads\/2019\/08\/hiking-300x243.jpeg 300w\" sizes=\"(max-width: 555px) 100vw, 555px\" \/>\t\t\t\t\t\t\t\t\t\t\t\t\t\t\t<\/div>\n\t\t\t\t<\/div>\n\t\t\t\t\t<\/div>\n\t\t<\/div>\n\t\t\t\t<div class=\"elementor-column elementor-col-50 elementor-top-column elementor-element elementor-element-a99caaa\" data-id=\"a99caaa\" data-element_type=\"column\">\n\t\t\t<div class=\"elementor-widget-wrap elementor-element-populated\">\n\t\t\t\t\t\t<div class=\"elementor-element elementor-element-81bb10c elementor-widget elementor-widget-text-editor\" data-id=\"81bb10c\" data-element_type=\"widget\" data-widget_type=\"text-editor.default\">\n\t\t\t\t<div class=\"elementor-widget-container\">\n\t\t\t\t\t\t\t\t\t<h4>Sentieri escursionistici<\/h4>\n<p>Che tu voglia esplorare la natura, o preferisca conoscere meglio il patrimonio storico della zona, camminare \u00e8 sempre l&#8217;opzione migliore e pi\u00f9 sana. Numerosi itinerari sono per lo pi\u00f9 adatti a tutte le et\u00e0 e condizioni fisiche.<\/p>\n\t\t\t\t\t\t\t\t<\/div>\n\t\t\t\t<\/div>\n\t\t\t\t<div class=\"elementor-element elementor-element-896fd0c elementor-widget elementor-widget-button\" data-id=\"896fd0c\" data-element_type=\"widget\" data-widget_type=\"button.default\">\n\t\t\t\t<div class=\"elementor-widget-container\">\n\t\t\t\t\t\t\t\t\t<div class=\"elementor-button-wrapper\">\n\t\t\t\t\t<a class=\"elementor-button elementor-button-link elementor-size-sm\" href=\"https:\/\/www.istra.hr\/it\/esperienze\/sport-e-outdoor\/trekking\">\n\t\t\t\t\t\t<span class=\"elementor-button-content-wrapper\">\n\t\t\t\t\t\t\t\t\t<span class=\"elementor-button-text\">MAGGIORI INFORMAZIONI<\/span>\n\t\t\t\t\t<\/span>\n\t\t\t\t\t<\/a>\n\t\t\t\t<\/div>\n\t\t\t\t\t\t\t\t<\/div>\n\t\t\t\t<\/div>\n\t\t\t\t\t<\/div>\n\t\t<\/div>\n\t\t\t\t\t<\/div>\n\t\t<\/section>\n\t\t\t\t<section class=\"elementor-section elementor-top-section elementor-element elementor-element-f58f97b elementor-section-boxed elementor-section-height-default elementor-section-height-default\" data-id=\"f58f97b\" data-element_type=\"section\">\n\t\t\t\t\t\t<div class=\"elementor-container elementor-column-gap-default\">\n\t\t\t\t\t<div class=\"elementor-column elementor-col-50 elementor-top-column elementor-element elementor-element-e1700ab\" data-id=\"e1700ab\" data-element_type=\"column\">\n\t\t\t<div class=\"elementor-widget-wrap elementor-element-populated\">\n\t\t\t\t\t\t<div class=\"elementor-element elementor-element-0b96545 elementor-widget elementor-widget-image\" data-id=\"0b96545\" data-element_type=\"widget\" data-widget_type=\"image.default\">\n\t\t\t\t<div class=\"elementor-widget-container\">\n\t\t\t\t\t\t\t\t\t\t\t\t\t\t\t<img loading=\"lazy\" decoding=\"async\" width=\"555\" height=\"450\" src=\"https:\/\/istriavacation.com\/wp-content\/uploads\/2019\/08\/diving.jpeg\" class=\"attachment-large size-large wp-image-1365\" alt=\"\" srcset=\"https:\/\/istriavacation.com\/wp-content\/uploads\/2019\/08\/diving.jpeg 555w, https:\/\/istriavacation.com\/wp-content\/uploads\/2019\/08\/diving-300x243.jpeg 300w\" sizes=\"(max-width: 555px) 100vw, 555px\" \/>\t\t\t\t\t\t\t\t\t\t\t\t\t\t\t<\/div>\n\t\t\t\t<\/div>\n\t\t\t\t\t<\/div>\n\t\t<\/div>\n\t\t\t\t<div class=\"elementor-column elementor-col-50 elementor-top-column elementor-element elementor-element-8b607dc\" data-id=\"8b607dc\" data-element_type=\"column\">\n\t\t\t<div class=\"elementor-widget-wrap elementor-element-populated\">\n\t\t\t\t\t\t<div class=\"elementor-element elementor-element-42df043 elementor-widget elementor-widget-text-editor\" data-id=\"42df043\" data-element_type=\"widget\" data-widget_type=\"text-editor.default\">\n\t\t\t\t<div class=\"elementor-widget-container\">\n\t\t\t\t\t\t\t\t\t<h4>Avventura subacquea<\/h4>\n<p>Immergiti in un nuovo mondo sottomarino blu e scopri le sue barriere coralline, granchi, pesci e isole sommerse. Contatta un centro diving della zona di Vrsar che ti aiuter\u00e0 a organizzare questa indimenticabile esperienza.<\/p>\n\t\t\t\t\t\t\t\t<\/div>\n\t\t\t\t<\/div>\n\t\t\t\t<div class=\"elementor-element elementor-element-518dd87 elementor-widget elementor-widget-button\" data-id=\"518dd87\" data-element_type=\"widget\" data-widget_type=\"button.default\">\n\t\t\t\t<div class=\"elementor-widget-container\">\n\t\t\t\t\t\t\t\t\t<div class=\"elementor-button-wrapper\">\n\t\t\t\t\t<a class=\"elementor-button elementor-button-link elementor-size-sm\" href=\"https:\/\/infovrsar.com\/it\/esperienze\/sport-ricreazione\/immersioni\/\">\n\t\t\t\t\t\t<span class=\"elementor-button-content-wrapper\">\n\t\t\t\t\t\t\t\t\t<span class=\"elementor-button-text\">MAGGIORI INFORMAZIONI<\/span>\n\t\t\t\t\t<\/span>\n\t\t\t\t\t<\/a>\n\t\t\t\t<\/div>\n\t\t\t\t\t\t\t\t<\/div>\n\t\t\t\t<\/div>\n\t\t\t\t\t<\/div>\n\t\t<\/div>\n\t\t\t\t\t<\/div>\n\t\t<\/section>\n\t\t\t\t<section class=\"elementor-section elementor-top-section elementor-element elementor-element-27f9e1f elementor-section-boxed elementor-section-height-default elementor-section-height-default\" data-id=\"27f9e1f\" data-element_type=\"section\">\n\t\t\t\t\t\t<div class=\"elementor-container elementor-column-gap-default\">\n\t\t\t\t\t<div class=\"elementor-column elementor-col-50 elementor-top-column elementor-element elementor-element-7a9511f\" data-id=\"7a9511f\" data-element_type=\"column\">\n\t\t\t<div class=\"elementor-widget-wrap elementor-element-populated\">\n\t\t\t\t\t\t<div class=\"elementor-element elementor-element-4a8d048 elementor-widget elementor-widget-image\" data-id=\"4a8d048\" data-element_type=\"widget\" data-widget_type=\"image.default\">\n\t\t\t\t<div class=\"elementor-widget-container\">\n\t\t\t\t\t\t\t\t\t\t\t\t\t\t\t<img loading=\"lazy\" decoding=\"async\" width=\"555\" height=\"450\" src=\"https:\/\/istriavacation.com\/wp-content\/uploads\/2019\/08\/water-park.jpg\" class=\"attachment-large size-large wp-image-1407\" alt=\"\" srcset=\"https:\/\/istriavacation.com\/wp-content\/uploads\/2019\/08\/water-park.jpg 555w, https:\/\/istriavacation.com\/wp-content\/uploads\/2019\/08\/water-park-300x243.jpg 300w\" sizes=\"(max-width: 555px) 100vw, 555px\" \/>\t\t\t\t\t\t\t\t\t\t\t\t\t\t\t<\/div>\n\t\t\t\t<\/div>\n\t\t\t\t\t<\/div>\n\t\t<\/div>\n\t\t\t\t<div class=\"elementor-column elementor-col-50 elementor-top-column elementor-element elementor-element-d6af762\" data-id=\"d6af762\" data-element_type=\"column\">\n\t\t\t<div class=\"elementor-widget-wrap elementor-element-populated\">\n\t\t\t\t\t\t<div class=\"elementor-element elementor-element-c45b097 elementor-widget elementor-widget-text-editor\" data-id=\"c45b097\" data-element_type=\"widget\" data-widget_type=\"text-editor.default\">\n\t\t\t\t<div class=\"elementor-widget-container\">\n\t\t\t\t\t\t\t\t\t<h4>Parchi acquatici<\/h4>\n<p>L&#8217;Istria ha ottimi parchi acquatici per tutta la famiglia che offrono un superbo intrattenimento per i bambini e un&#8217;esperienza di vacanza attiva per un giorno intero. Alcuni dei pi\u00f9 popolari sono l\u2019Aquacolors Pore\u010d Water Park e l\u2019Istralandia Aquapark.<\/p>\n\t\t\t\t\t\t\t\t<\/div>\n\t\t\t\t<\/div>\n\t\t\t\t<div class=\"elementor-element elementor-element-5865589 elementor-widget elementor-widget-button\" data-id=\"5865589\" data-element_type=\"widget\" data-widget_type=\"button.default\">\n\t\t\t\t<div class=\"elementor-widget-container\">\n\t\t\t\t\t\t\t\t\t<div class=\"elementor-button-wrapper\">\n\t\t\t\t\t<a class=\"elementor-button elementor-button-link elementor-size-sm\" href=\"https:\/\/www.istra.hr\/it\/esperienze\/sole-e-mare\/parchi-acquatici\">\n\t\t\t\t\t\t<span class=\"elementor-button-content-wrapper\">\n\t\t\t\t\t\t\t\t\t<span class=\"elementor-button-text\">MAGGIORI INFORMAZIONI<\/span>\n\t\t\t\t\t<\/span>\n\t\t\t\t\t<\/a>\n\t\t\t\t<\/div>\n\t\t\t\t\t\t\t\t<\/div>\n\t\t\t\t<\/div>\n\t\t\t\t\t<\/div>\n\t\t<\/div>\n\t\t\t\t\t<\/div>\n\t\t<\/section>\n\t\t\t\t<section class=\"elementor-section elementor-top-section elementor-element elementor-element-22e80b2 elementor-section-boxed elementor-section-height-default elementor-section-height-default\" data-id=\"22e80b2\" data-element_type=\"section\">\n\t\t\t\t\t\t<div class=\"elementor-container elementor-column-gap-default\">\n\t\t\t\t\t<div class=\"elementor-column elementor-col-50 elementor-top-column elementor-element elementor-element-cd05fe6\" data-id=\"cd05fe6\" data-element_type=\"column\">\n\t\t\t<div class=\"elementor-widget-wrap elementor-element-populated\">\n\t\t\t\t\t\t<div class=\"elementor-element elementor-element-7d6c6e0 elementor-widget elementor-widget-image\" data-id=\"7d6c6e0\" data-element_type=\"widget\" data-widget_type=\"image.default\">\n\t\t\t\t<div class=\"elementor-widget-container\">\n\t\t\t\t\t\t\t\t\t\t\t\t\t\t\t<img loading=\"lazy\" decoding=\"async\" width=\"555\" height=\"450\" src=\"https:\/\/istriavacation.com\/wp-content\/uploads\/2019\/08\/theme-park-dino.jpg\" class=\"attachment-large size-large wp-image-1410\" alt=\"\" srcset=\"https:\/\/istriavacation.com\/wp-content\/uploads\/2019\/08\/theme-park-dino.jpg 555w, https:\/\/istriavacation.com\/wp-content\/uploads\/2019\/08\/theme-park-dino-300x243.jpg 300w\" sizes=\"(max-width: 555px) 100vw, 555px\" \/>\t\t\t\t\t\t\t\t\t\t\t\t\t\t\t<\/div>\n\t\t\t\t<\/div>\n\t\t\t\t\t<\/div>\n\t\t<\/div>\n\t\t\t\t<div class=\"elementor-column elementor-col-50 elementor-top-column elementor-element elementor-element-86174eb\" data-id=\"86174eb\" data-element_type=\"column\">\n\t\t\t<div class=\"elementor-widget-wrap elementor-element-populated\">\n\t\t\t\t\t\t<div class=\"elementor-element elementor-element-021fefc elementor-widget elementor-widget-text-editor\" data-id=\"021fefc\" data-element_type=\"widget\" data-widget_type=\"text-editor.default\">\n\t\t\t\t<div class=\"elementor-widget-container\">\n\t\t\t\t\t\t\t\t\t<h4>Parchi tematici<\/h4>\n<p>Mentre sei in vacanza in Istria, puoi anche goderti i numerosi parchi di intrattenimento e a tema. Visita l\u2019Archaeological Park Vi\u017eula, Paleo Park Mon Perin e il Dino Park perfetti per i bambini o il Sanc.Michael Medieval Theme Park.<\/p>\n\t\t\t\t\t\t\t\t<\/div>\n\t\t\t\t<\/div>\n\t\t\t\t<div class=\"elementor-element elementor-element-2601991 elementor-widget elementor-widget-button\" data-id=\"2601991\" data-element_type=\"widget\" data-widget_type=\"button.default\">\n\t\t\t\t<div class=\"elementor-widget-container\">\n\t\t\t\t\t\t\t\t\t<div class=\"elementor-button-wrapper\">\n\t\t\t\t\t<a class=\"elementor-button elementor-button-link elementor-size-sm\" href=\"https:\/\/www.istra.hr\/en\/experience\/sun-and-sea\/entertainment-theme-parks\">\n\t\t\t\t\t\t<span class=\"elementor-button-content-wrapper\">\n\t\t\t\t\t\t\t\t\t<span class=\"elementor-button-text\">MAGGIORI INFORMAZIONI<\/span>\n\t\t\t\t\t<\/span>\n\t\t\t\t\t<\/a>\n\t\t\t\t<\/div>\n\t\t\t\t\t\t\t\t<\/div>\n\t\t\t\t<\/div>\n\t\t\t\t\t<\/div>\n\t\t<\/div>\n\t\t\t\t\t<\/div>\n\t\t<\/section>\n\t\t\t\t<\/div>\n\t\t","protected":false},"excerpt":{"rendered":"<p>Goditi la gastronomia dell&#8217;Istria L&#8217;Istria \u00e8 famosa per la sua tradizione gastronomica e molti arrivano soprattutto per gustare deliziosi piatti tradizionali. Nei tanti ristoranti gourmet e taverne autentiche si assaporano i migliori frutti di mare, pesce alla griglia e specialit\u00e0 di carne. MAGGIORI INFORMAZIONI Gite di un giorno Il nostro posto \u00e8 un ottimo punto [&hellip;]<\/p>\n","protected":false},"author":1,"featured_media":0,"parent":0,"menu_order":0,"comment_status":"closed","ping_status":"closed","template":"","meta":{"footnotes":""},"class_list":["post-1402","page","type-page","status-publish","hentry"],"_links":{"self":[{"href":"https:\/\/istriavacation.com\/it\/wp-json\/wp\/v2\/pages\/1402","targetHints":{"allow":["GET"]}}],"collection":[{"href":"https:\/\/istriavacation.com\/it\/wp-json\/wp\/v2\/pages"}],"about":[{"href":"https:\/\/istriavacation.com\/it\/wp-json\/wp\/v2\/types\/page"}],"author":[{"embeddable":true,"href":"https:\/\/istriavacation.com\/it\/wp-json\/wp\/v2\/users\/1"}],"replies":[{"embeddable":true,"href":"https:\/\/istriavacation.com\/it\/wp-json\/wp\/v2\/comments?post=1402"}],"version-history":[{"count":10,"href":"https:\/\/istriavacation.com\/it\/wp-json\/wp\/v2\/pages\/1402\/revisions"}],"predecessor-version":[{"id":2145,"href":"https:\/\/istriavacation.com\/it\/wp-json\/wp\/v2\/pages\/1402\/revisions\/2145"}],"wp:attachment":[{"href":"https:\/\/istriavacation.com\/it\/wp-json\/wp\/v2\/media?parent=1402"}],"curies":[{"name":"wp","href":"https:\/\/api.w.org\/{rel}","templated":true}]}}